{"id":1861,"date":"2023-11-18T15:41:04","date_gmt":"2023-11-18T15:41:04","guid":{"rendered":"https:\/\/institutomasmujeres.com\/?page_id=1861"},"modified":"2025-01-21T09:21:13","modified_gmt":"2025-01-21T09:21:13","slug":"descargar-calendario-dei-2025","status":"publish","type":"page","link":"https:\/\/institutomasmujeres.com\/ca\/descargar-calendario-dei-2025\/","title":{"rendered":"Descargar calendario DEI 2025"},"content":{"rendered":"\t\t<div data-elementor-type=\"wp-page\" data-elementor-id=\"1861\" class=\"elementor elementor-1861\" data-elementor-post-type=\"page\">\n\t\t\t\t\t\t<section class=\"elementor-section elementor-top-section elementor-element elementor-element-782d0986 elementor-section-boxed elementor-section-height-default elementor-section-height-default\" data-id=\"782d0986\" data-element_type=\"section\" data-e-type=\"section\" data-settings=\"{&quot;background_background&quot;:&quot;classic&quot;,&quot;shape_divider_top&quot;:&quot;opacity-tilt&quot;,&quot;shape_divider_bottom&quot;:&quot;opacity-tilt&quot;}\">\n\t\t\t\t\t\t\t<div class=\"elementor-background-overlay\"><\/div>\n\t\t\t\t\t\t<div class=\"elementor-shape elementor-shape-top\" aria-hidden=\"true\" data-negative=\"false\">\n\t\t\t<svg xmlns=\"http:\/\/www.w3.org\/2000\/svg\" viewBox=\"0 0 2600 131.1\" preserveAspectRatio=\"none\">\n\t<path class=\"elementor-shape-fill\" d=\"M0 0L2600 0 2600 69.1 0 0z\"\/>\n\t<path class=\"elementor-shape-fill\" style=\"opacity:0.5\" d=\"M0 0L2600 0 2600 69.1 0 69.1z\"\/>\n\t<path class=\"elementor-shape-fill\" style=\"opacity:0.25\" d=\"M2600 0L0 0 0 130.1 2600 69.1z\"\/>\n<\/svg>\t\t<\/div>\n\t\t\t\t<div class=\"elementor-shape elementor-shape-bottom\" aria-hidden=\"true\" data-negative=\"false\">\n\t\t\t<svg xmlns=\"http:\/\/www.w3.org\/2000\/svg\" viewBox=\"0 0 2600 131.1\" preserveAspectRatio=\"none\">\n\t<path class=\"elementor-shape-fill\" d=\"M0 0L2600 0 2600 69.1 0 0z\"\/>\n\t<path class=\"elementor-shape-fill\" style=\"opacity:0.5\" d=\"M0 0L2600 0 2600 69.1 0 69.1z\"\/>\n\t<path class=\"elementor-shape-fill\" style=\"opacity:0.25\" d=\"M2600 0L0 0 0 130.1 2600 69.1z\"\/>\n<\/svg>\t\t<\/div>\n\t\t\t\t\t<div class=\"elementor-container elementor-column-gap-wider\">\n\t\t\t\t\t<div class=\"elementor-column elementor-col-50 elementor-top-column elementor-element elementor-element-4b4c470f\" data-id=\"4b4c470f\" data-element_type=\"column\" data-e-type=\"column\" data-settings=\"{&quot;background_background&quot;:&quot;classic&quot;}\">\n\t\t\t<div class=\"elementor-widget-wrap elementor-element-populated\">\n\t\t\t\t\t\t<div class=\"elementor-element elementor-element-4bdcece8 elementor-widget elementor-widget-spacer\" data-id=\"4bdcece8\" data-element_type=\"widget\" data-e-type=\"widget\" data-widget_type=\"spacer.default\">\n\t\t\t\t<div class=\"elementor-widget-container\">\n\t\t\t\t\t\t\t<div class=\"elementor-spacer\">\n\t\t\t<div class=\"elementor-spacer-inner\"><\/div>\n\t\t<\/div>\n\t\t\t\t\t\t<\/div>\n\t\t\t\t<\/div>\n\t\t\t\t\t<\/div>\n\t\t<\/div>\n\t\t\t\t<div class=\"elementor-column elementor-col-50 elementor-top-column elementor-element elementor-element-43b984b\" data-id=\"43b984b\" data-element_type=\"column\" data-e-type=\"column\">\n\t\t\t<div class=\"elementor-widget-wrap elementor-element-populated\">\n\t\t\t\t\t\t<div class=\"elementor-element elementor-element-1f00104b elementor-widget elementor-widget-heading\" data-id=\"1f00104b\" data-element_type=\"widget\" data-e-type=\"widget\" data-widget_type=\"heading.default\">\n\t\t\t\t<div class=\"elementor-widget-container\">\n\t\t\t\t\t<h1 class=\"elementor-heading-title elementor-size-default\">DescaRga El CALENDARIO 2025<\/h1>\t\t\t\t<\/div>\n\t\t\t\t<\/div>\n\t\t\t\t<div class=\"elementor-element elementor-element-3448fdf5 elementor-widget elementor-widget-text-editor\" data-id=\"3448fdf5\" data-element_type=\"widget\" data-e-type=\"widget\" data-widget_type=\"text-editor.default\">\n\t\t\t\t<div class=\"elementor-widget-container\">\n\t\t\t\t\t\t\t\t\t<p>Tu estrategia de diversidad, equidad e inclusi\u00f3n para todo el a\u00f1o con ideas de las mejores acciones.<\/p><p>\u00a1No te pierdas todas las fechas relevantes para este 2025!<\/p>\t\t\t\t\t\t\t\t<\/div>\n\t\t\t\t<\/div>\n\t\t\t\t<div class=\"elementor-element elementor-element-145d81bf elementor-button-align-stretch elementor-widget elementor-widget-form\" data-id=\"145d81bf\" data-element_type=\"widget\" data-e-type=\"widget\" data-settings=\"{&quot;button_width&quot;:&quot;33&quot;,&quot;step_next_label&quot;:&quot;Siguiente&quot;,&quot;step_previous_label&quot;:&quot;Anterior&quot;,&quot;step_type&quot;:&quot;number_text&quot;,&quot;step_icon_shape&quot;:&quot;circle&quot;}\" data-widget_type=\"form.default\">\n\t\t\t\t<div class=\"elementor-widget-container\">\n\t\t\t\t\t\t\t<form class=\"elementor-form\" method=\"post\" id=\"20\" name=\"Formulario de Contacto\" aria-label=\"Formulario de Contacto\">\n\t\t\t<input type=\"hidden\" name=\"post_id\" value=\"1861\"\/>\n\t\t\t<input type=\"hidden\" name=\"form_id\" value=\"145d81bf\"\/>\n\t\t\t<input type=\"hidden\" name=\"referer_title\" value=\"Descargar calendario DEI 2025 - Instituto M\u00e1s Mujeres\" \/>\n\n\t\t\t\t\t\t\t<input type=\"hidden\" name=\"queried_id\" value=\"1861\"\/>\n\t\t\t\n\t\t\t<div class=\"elementor-form-fields-wrapper elementor-labels-\">\n\t\t\t\t\t\t\t\t<div class=\"elementor-field-type-text elementor-field-group elementor-column elementor-field-group-name elementor-col-100 elementor-field-required\">\n\t\t\t\t\t\t\t\t\t\t\t\t<label for=\"form-field-name\" class=\"elementor-field-label elementor-screen-only\">\n\t\t\t\t\t\t\t\tNombre y Apellidos\t\t\t\t\t\t\t<\/label>\n\t\t\t\t\t\t\t\t\t\t\t\t\t\t<input size=\"1\" type=\"text\" name=\"form_fields[name]\" id=\"form-field-name\" class=\"elementor-field elementor-size-xs  elementor-field-textual\" placeholder=\"Nombre y Apellidos\" required=\"required\">\n\t\t\t\t\t\t\t\t\t\t\t<\/div>\n\t\t\t\t\t\t\t\t<div class=\"elementor-field-type-email elementor-field-group elementor-column elementor-field-group-email elementor-col-100 elementor-field-required\">\n\t\t\t\t\t\t\t\t\t\t\t\t<label for=\"form-field-email\" class=\"elementor-field-label elementor-screen-only\">\n\t\t\t\t\t\t\t\tCorreo electr\u00f3nico\t\t\t\t\t\t\t<\/label>\n\t\t\t\t\t\t\t\t\t\t\t\t\t\t<input size=\"1\" type=\"email\" name=\"form_fields[email]\" id=\"form-field-email\" class=\"elementor-field elementor-size-xs  elementor-field-textual\" placeholder=\"Correo electr\u00f3nico\" required=\"required\">\n\t\t\t\t\t\t\t\t\t\t\t<\/div>\n\t\t\t\t\t\t\t\t<div class=\"elementor-field-type-tel elementor-field-group elementor-column elementor-field-group-field_12295af elementor-col-100 elementor-field-required\">\n\t\t\t\t\t\t\t\t\t\t\t\t<label for=\"form-field-field_12295af\" class=\"elementor-field-label elementor-screen-only\">\n\t\t\t\t\t\t\t\tTel\u00e9fono\t\t\t\t\t\t\t<\/label>\n\t\t\t\t\t\t\t\t<input size=\"1\" type=\"tel\" name=\"form_fields[field_12295af]\" id=\"form-field-field_12295af\" class=\"elementor-field elementor-size-xs  elementor-field-textual\" placeholder=\"Tel\u00e9fono\" required=\"required\" pattern=\"[0-9()#&amp;+*-=.]+\" title=\"Only numbers and phone characters (#, -, *, etc) are accepted.\">\n\n\t\t\t\t\t\t<\/div>\n\t\t\t\t\t\t\t\t<div class=\"elementor-field-type-acceptance elementor-field-group elementor-column elementor-field-group-field_3604583 elementor-col-100 elementor-field-required\">\n\t\t\t\t\t\t\t\t\t\t\t\t<label for=\"form-field-field_3604583\" class=\"elementor-field-label elementor-screen-only\">\n\t\t\t\t\t\t\t\tHe le\u00eddo y acepto la pol\u00edtica de privacidad\t\t\t\t\t\t\t<\/label>\n\t\t\t\t\t\t\t\t<div class=\"elementor-field-subgroup\">\n\t\t\t<span class=\"elementor-field-option\">\n\t\t\t\t<input type=\"checkbox\" name=\"form_fields[field_3604583]\" id=\"form-field-field_3604583\" class=\"elementor-field elementor-size-xs  elementor-acceptance-field\" required=\"required\">\n\t\t\t\t<label for=\"form-field-field_3604583\">He le\u00eddo y acepto la pol\u00edtica de tratamiento de datos  de <a href=\"https:\/\/institutomasmujeres.com\/index.php\/aviso-legal-y-politica-de-privacidad\/\"> Instituto M\u00e1s Mujeres <\/a> <\/label>\t\t\t<\/span>\n\t\t<\/div>\n\t\t\t\t\t\t<\/div>\n\t\t\t\t\t\t\t\t<div class=\"elementor-field-group elementor-column elementor-field-type-submit elementor-col-33 e-form__buttons\">\n\t\t\t\t\t<button class=\"elementor-button elementor-size-sm\" type=\"submit\">\n\t\t\t\t\t\t<span class=\"elementor-button-content-wrapper\">\n\t\t\t\t\t\t\t\t\t\t\t\t\t\t\t\t\t\t\t\t\t\t<span class=\"elementor-button-text\">\u00a1 Lo quiero !<\/span>\n\t\t\t\t\t\t\t\t\t\t\t\t\t<\/span>\n\t\t\t\t\t<\/button>\n\t\t\t\t<\/div>\n\t\t\t<\/div>\n\t\t<\/form>\n\t\t\t\t\t\t<\/div>\n\t\t\t\t<\/div>\n\t\t\t\t\t<\/div>\n\t\t<\/div>\n\t\t\t\t\t<\/div>\n\t\t<\/section>\n\t\t\t\t<section class=\"elementor-section elementor-top-section elementor-element elementor-element-3fc2705 elementor-section-boxed elementor-section-height-default elementor-section-height-default\" data-id=\"3fc2705\" data-element_type=\"section\" data-e-type=\"section\">\n\t\t\t\t\t\t<div class=\"elementor-container elementor-column-gap-default\">\n\t\t\t\t\t<div class=\"elementor-column elementor-col-100 elementor-top-column elementor-element elementor-element-2db39d8\" data-id=\"2db39d8\" data-element_type=\"column\" data-e-type=\"column\">\n\t\t\t<div class=\"elementor-widget-wrap elementor-element-populated\">\n\t\t\t\t\t\t<div class=\"elementor-element elementor-element-b3bc7f6 elementor-widget elementor-widget-spacer\" data-id=\"b3bc7f6\" data-element_type=\"widget\" data-e-type=\"widget\" data-widget_type=\"spacer.default\">\n\t\t\t\t<div class=\"elementor-widget-container\">\n\t\t\t\t\t\t\t<div class=\"elementor-spacer\">\n\t\t\t<div class=\"elementor-spacer-inner\"><\/div>\n\t\t<\/div>\n\t\t\t\t\t\t<\/div>\n\t\t\t\t<\/div>\n\t\t\t\t\t<\/div>\n\t\t<\/div>\n\t\t\t\t\t<\/div>\n\t\t<\/section>\n\t\t\t\t<\/div>\n\t\t","protected":false},"excerpt":{"rendered":"<p>DescaRga El CALENDARIO 2025 Tu estrategia de diversidad, equidad e inclusi\u00f3n para todo el a\u00f1o con ideas de las mejores acciones. \u00a1No te pierdas todas las fechas relevantes para este 2025!<\/p>","protected":false},"author":1,"featured_media":0,"parent":0,"menu_order":0,"comment_status":"closed","ping_status":"closed","template":"elementor_header_footer","meta":{"_jet_sm_ready_style":"","_jet_sm_style":"","_jet_sm_controls_values":"","_jet_sm_fonts_collection":"","_jet_sm_fonts_links":"","footnotes":""},"class_list":["post-1861","page","type-page","status-publish","hentry"],"yoast_head":"<!-- This site is optimized with the Yoast SEO plugin v27.3 - https:\/\/yoast.com\/product\/yoast-seo-wordpress\/ -->\n<title>Descargar calendario DEI 2025 - Instituto M\u00e1s Mujeres<\/title>\n<meta name=\"robots\" content=\"index, follow, max-snippet:-1, max-image-preview:large, max-video-preview:-1\" \/>\n<link rel=\"canonical\" href=\"https:\/\/institutomasmujeres.com\/ca\/descargar-calendario-dei-2025\/\" \/>\n<meta property=\"og:locale\" content=\"ca_ES\" \/>\n<meta property=\"og:type\" content=\"article\" \/>\n<meta property=\"og:title\" content=\"Descargar calendario DEI 2025 - Instituto M\u00e1s Mujeres\" \/>\n<meta property=\"og:description\" content=\"DescaRga El CALENDARIO 2025 Tu estrategia de diversidad, equidad e inclusi\u00f3n para todo el a\u00f1o con ideas de las mejores acciones. \u00a1No te pierdas todas las fechas relevantes para este 2025!\" \/>\n<meta property=\"og:url\" content=\"https:\/\/institutomasmujeres.com\/ca\/descargar-calendario-dei-2025\/\" \/>\n<meta property=\"og:site_name\" content=\"Instituto M\u00e1s Mujeres\" \/>\n<meta property=\"article:modified_time\" content=\"2025-01-21T09:21:13+00:00\" \/>\n<meta name=\"twitter:card\" content=\"summary_large_image\" \/>\n<meta name=\"twitter:label1\" content=\"Temps estimat de lectura\" \/>\n\t<meta name=\"twitter:data1\" content=\"1 minut\" \/>\n<script type=\"application\/ld+json\" class=\"yoast-schema-graph\">{\"@context\":\"https:\\\/\\\/schema.org\",\"@graph\":[{\"@type\":\"WebPage\",\"@id\":\"https:\\\/\\\/institutomasmujeres.com\\\/descargar-calendario-dei-2025\\\/\",\"url\":\"https:\\\/\\\/institutomasmujeres.com\\\/descargar-calendario-dei-2025\\\/\",\"name\":\"Descargar calendario DEI 2025 - Instituto M\u00e1s Mujeres\",\"isPartOf\":{\"@id\":\"https:\\\/\\\/institutomasmujeres.com\\\/#website\"},\"datePublished\":\"2023-11-18T15:41:04+00:00\",\"dateModified\":\"2025-01-21T09:21:13+00:00\",\"breadcrumb\":{\"@id\":\"https:\\\/\\\/institutomasmujeres.com\\\/descargar-calendario-dei-2025\\\/#breadcrumb\"},\"inLanguage\":\"ca\",\"potentialAction\":[{\"@type\":\"ReadAction\",\"target\":[\"https:\\\/\\\/institutomasmujeres.com\\\/descargar-calendario-dei-2025\\\/\"]}]},{\"@type\":\"BreadcrumbList\",\"@id\":\"https:\\\/\\\/institutomasmujeres.com\\\/descargar-calendario-dei-2025\\\/#breadcrumb\",\"itemListElement\":[{\"@type\":\"ListItem\",\"position\":1,\"name\":\"Portada\",\"item\":\"https:\\\/\\\/institutomasmujeres.com\\\/\"},{\"@type\":\"ListItem\",\"position\":2,\"name\":\"Descargar calendario DEI 2025\"}]},{\"@type\":\"WebSite\",\"@id\":\"https:\\\/\\\/institutomasmujeres.com\\\/#website\",\"url\":\"https:\\\/\\\/institutomasmujeres.com\\\/\",\"name\":\"Instituto M\u00e1s Mujeres\",\"description\":\"M\u00e1s l\u00edderes, m\u00e1s visibles\",\"publisher\":{\"@id\":\"https:\\\/\\\/institutomasmujeres.com\\\/#organization\"},\"potentialAction\":[{\"@type\":\"SearchAction\",\"target\":{\"@type\":\"EntryPoint\",\"urlTemplate\":\"https:\\\/\\\/institutomasmujeres.com\\\/?s={search_term_string}\"},\"query-input\":{\"@type\":\"PropertyValueSpecification\",\"valueRequired\":true,\"valueName\":\"search_term_string\"}}],\"inLanguage\":\"ca\"},{\"@type\":\"Organization\",\"@id\":\"https:\\\/\\\/institutomasmujeres.com\\\/#organization\",\"name\":\"Instituto M\u00e1s Mujeres\",\"url\":\"https:\\\/\\\/institutomasmujeres.com\\\/\",\"logo\":{\"@type\":\"ImageObject\",\"inLanguage\":\"ca\",\"@id\":\"https:\\\/\\\/institutomasmujeres.com\\\/#\\\/schema\\\/logo\\\/image\\\/\",\"url\":\"https:\\\/\\\/institutomasmujeres.com\\\/wp-content\\\/uploads\\\/2022\\\/08\\\/mas-mujeres-amb-fletxa.svg\",\"contentUrl\":\"https:\\\/\\\/institutomasmujeres.com\\\/wp-content\\\/uploads\\\/2022\\\/08\\\/mas-mujeres-amb-fletxa.svg\",\"width\":100,\"height\":100,\"caption\":\"Instituto M\u00e1s Mujeres\"},\"image\":{\"@id\":\"https:\\\/\\\/institutomasmujeres.com\\\/#\\\/schema\\\/logo\\\/image\\\/\"}}]}<\/script>\n<!-- \/ Yoast SEO plugin. -->","yoast_head_json":{"title":"Descargar calendario DEI 2025 - Instituto M\u00e1s Mujeres","robots":{"index":"index","follow":"follow","max-snippet":"max-snippet:-1","max-image-preview":"max-image-preview:large","max-video-preview":"max-video-preview:-1"},"canonical":"https:\/\/institutomasmujeres.com\/ca\/descargar-calendario-dei-2025\/","og_locale":"ca_ES","og_type":"article","og_title":"Descargar calendario DEI 2025 - Instituto M\u00e1s Mujeres","og_description":"DescaRga El CALENDARIO 2025 Tu estrategia de diversidad, equidad e inclusi\u00f3n para todo el a\u00f1o con ideas de las mejores acciones. \u00a1No te pierdas todas las fechas relevantes para este 2025!","og_url":"https:\/\/institutomasmujeres.com\/ca\/descargar-calendario-dei-2025\/","og_site_name":"Instituto M\u00e1s Mujeres","article_modified_time":"2025-01-21T09:21:13+00:00","twitter_card":"summary_large_image","twitter_misc":{"Temps estimat de lectura":"1 minut"},"schema":{"@context":"https:\/\/schema.org","@graph":[{"@type":"WebPage","@id":"https:\/\/institutomasmujeres.com\/descargar-calendario-dei-2025\/","url":"https:\/\/institutomasmujeres.com\/descargar-calendario-dei-2025\/","name":"Descargar calendario DEI 2025 - Instituto M\u00e1s Mujeres","isPartOf":{"@id":"https:\/\/institutomasmujeres.com\/#website"},"datePublished":"2023-11-18T15:41:04+00:00","dateModified":"2025-01-21T09:21:13+00:00","breadcrumb":{"@id":"https:\/\/institutomasmujeres.com\/descargar-calendario-dei-2025\/#breadcrumb"},"inLanguage":"ca","potentialAction":[{"@type":"ReadAction","target":["https:\/\/institutomasmujeres.com\/descargar-calendario-dei-2025\/"]}]},{"@type":"BreadcrumbList","@id":"https:\/\/institutomasmujeres.com\/descargar-calendario-dei-2025\/#breadcrumb","itemListElement":[{"@type":"ListItem","position":1,"name":"Portada","item":"https:\/\/institutomasmujeres.com\/"},{"@type":"ListItem","position":2,"name":"Descargar calendario DEI 2025"}]},{"@type":"WebSite","@id":"https:\/\/institutomasmujeres.com\/#website","url":"https:\/\/institutomasmujeres.com\/","name":"Instituto M\u00e1s Mujeres","description":"M\u00e1s l\u00edderes, m\u00e1s visibles","publisher":{"@id":"https:\/\/institutomasmujeres.com\/#organization"},"potentialAction":[{"@type":"SearchAction","target":{"@type":"EntryPoint","urlTemplate":"https:\/\/institutomasmujeres.com\/?s={search_term_string}"},"query-input":{"@type":"PropertyValueSpecification","valueRequired":true,"valueName":"search_term_string"}}],"inLanguage":"ca"},{"@type":"Organization","@id":"https:\/\/institutomasmujeres.com\/#organization","name":"Instituto M\u00e1s Mujeres","url":"https:\/\/institutomasmujeres.com\/","logo":{"@type":"ImageObject","inLanguage":"ca","@id":"https:\/\/institutomasmujeres.com\/#\/schema\/logo\/image\/","url":"https:\/\/institutomasmujeres.com\/wp-content\/uploads\/2022\/08\/mas-mujeres-amb-fletxa.svg","contentUrl":"https:\/\/institutomasmujeres.com\/wp-content\/uploads\/2022\/08\/mas-mujeres-amb-fletxa.svg","width":100,"height":100,"caption":"Instituto M\u00e1s Mujeres"},"image":{"@id":"https:\/\/institutomasmujeres.com\/#\/schema\/logo\/image\/"}}]}},"jetpack_sharing_enabled":true,"_links":{"self":[{"href":"https:\/\/institutomasmujeres.com\/ca\/wp-json\/wp\/v2\/pages\/1861","targetHints":{"allow":["GET"]}}],"collection":[{"href":"https:\/\/institutomasmujeres.com\/ca\/wp-json\/wp\/v2\/pages"}],"about":[{"href":"https:\/\/institutomasmujeres.com\/ca\/wp-json\/wp\/v2\/types\/page"}],"author":[{"embeddable":true,"href":"https:\/\/institutomasmujeres.com\/ca\/wp-json\/wp\/v2\/users\/1"}],"replies":[{"embeddable":true,"href":"https:\/\/institutomasmujeres.com\/ca\/wp-json\/wp\/v2\/comments?post=1861"}],"version-history":[{"count":28,"href":"https:\/\/institutomasmujeres.com\/ca\/wp-json\/wp\/v2\/pages\/1861\/revisions"}],"predecessor-version":[{"id":2431,"href":"https:\/\/institutomasmujeres.com\/ca\/wp-json\/wp\/v2\/pages\/1861\/revisions\/2431"}],"wp:attachment":[{"href":"https:\/\/institutomasmujeres.com\/ca\/wp-json\/wp\/v2\/media?parent=1861"}],"curies":[{"name":"wp","href":"https:\/\/api.w.org\/{rel}","templated":true}]}}