{"id":2307,"date":"2024-07-25T14:04:48","date_gmt":"2024-07-25T14:04:48","guid":{"rendered":"https:\/\/institutomasmujeres.com\/?page_id=2307"},"modified":"2026-04-13T14:59:27","modified_gmt":"2026-04-13T14:59:27","slug":"participacion-ranking-womenapproved","status":"publish","type":"page","link":"https:\/\/institutomasmujeres.com\/ca\/participacion-ranking-womenapproved\/","title":{"rendered":"Formulario Ranking Women Approved 2025"},"content":{"rendered":"\t\t<div data-elementor-type=\"wp-page\" data-elementor-id=\"2307\" class=\"elementor elementor-2307\" data-elementor-post-type=\"page\">\n\t\t\t\t\t\t<section class=\"elementor-section elementor-top-section elementor-element elementor-element-782d0986 elementor-section-boxed elementor-section-height-default elementor-section-height-default\" data-id=\"782d0986\" data-element_type=\"section\" data-e-type=\"section\" data-settings=\"{&quot;background_background&quot;:&quot;classic&quot;,&quot;shape_divider_top&quot;:&quot;opacity-tilt&quot;,&quot;shape_divider_bottom&quot;:&quot;opacity-tilt&quot;}\">\n\t\t\t\t\t\t\t<div class=\"elementor-background-overlay\"><\/div>\n\t\t\t\t\t\t<div class=\"elementor-shape elementor-shape-top\" aria-hidden=\"true\" data-negative=\"false\">\n\t\t\t<svg xmlns=\"http:\/\/www.w3.org\/2000\/svg\" viewBox=\"0 0 2600 131.1\" preserveAspectRatio=\"none\">\n\t<path class=\"elementor-shape-fill\" d=\"M0 0L2600 0 2600 69.1 0 0z\"\/>\n\t<path class=\"elementor-shape-fill\" style=\"opacity:0.5\" d=\"M0 0L2600 0 2600 69.1 0 69.1z\"\/>\n\t<path class=\"elementor-shape-fill\" style=\"opacity:0.25\" d=\"M2600 0L0 0 0 130.1 2600 69.1z\"\/>\n<\/svg>\t\t<\/div>\n\t\t\t\t<div class=\"elementor-shape elementor-shape-bottom\" aria-hidden=\"true\" data-negative=\"false\">\n\t\t\t<svg xmlns=\"http:\/\/www.w3.org\/2000\/svg\" viewBox=\"0 0 2600 131.1\" preserveAspectRatio=\"none\">\n\t<path class=\"elementor-shape-fill\" d=\"M0 0L2600 0 2600 69.1 0 0z\"\/>\n\t<path class=\"elementor-shape-fill\" style=\"opacity:0.5\" d=\"M0 0L2600 0 2600 69.1 0 69.1z\"\/>\n\t<path class=\"elementor-shape-fill\" style=\"opacity:0.25\" d=\"M2600 0L0 0 0 130.1 2600 69.1z\"\/>\n<\/svg>\t\t<\/div>\n\t\t\t\t\t<div class=\"elementor-container elementor-column-gap-wider\">\n\t\t\t\t\t<div class=\"elementor-column elementor-col-100 elementor-top-column elementor-element elementor-element-43b984b\" data-id=\"43b984b\" data-element_type=\"column\" data-e-type=\"column\">\n\t\t\t<div class=\"elementor-widget-wrap elementor-element-populated\">\n\t\t\t\t\t\t<div class=\"elementor-element elementor-element-258a116 elementor-widget elementor-widget-image\" data-id=\"258a116\" data-element_type=\"widget\" data-e-type=\"widget\" data-widget_type=\"image.default\">\n\t\t\t\t<div class=\"elementor-widget-container\">\n\t\t\t\t\t\t\t\t\t\t\t\t\t\t\t<img decoding=\"async\" width=\"150\" height=\"150\" src=\"https:\/\/institutomasmujeres.com\/wp-content\/uploads\/2024\/07\/final-01-png-ajustado-150x150.png\" class=\"attachment-thumbnail size-thumbnail wp-image-2315\" alt=\"\" \/>\t\t\t\t\t\t\t\t\t\t\t\t\t\t\t<\/div>\n\t\t\t\t<\/div>\n\t\t\t\t<div class=\"elementor-element elementor-element-1f00104b elementor-widget elementor-widget-heading\" data-id=\"1f00104b\" data-element_type=\"widget\" data-e-type=\"widget\" data-widget_type=\"heading.default\">\n\t\t\t\t<div class=\"elementor-widget-container\">\n\t\t\t\t\t<h1 class=\"elementor-heading-title elementor-size-default\">\u00bfQuieres participar en <br> el ranking Women Approved?<\/h1>\t\t\t\t<\/div>\n\t\t\t\t<\/div>\n\t\t\t\t<div class=\"elementor-element elementor-element-9fcaa90 elementor-widget elementor-widget-text-editor\" data-id=\"9fcaa90\" data-element_type=\"widget\" data-e-type=\"widget\" data-widget_type=\"text-editor.default\">\n\t\t\t\t<div class=\"elementor-widget-container\">\n\t\t\t\t\t\t\t\t\t<p><strong>Logra que tu organizaci\u00f3n pueda ser reconocida como empresa referente para el talento femenino.<\/strong><\/p>\t\t\t\t\t\t\t\t<\/div>\n\t\t\t\t<\/div>\n\t\t\t\t<div class=\"elementor-element elementor-element-3448fdf5 elementor-widget elementor-widget-text-editor\" data-id=\"3448fdf5\" data-element_type=\"widget\" data-e-type=\"widget\" data-widget_type=\"text-editor.default\">\n\t\t\t\t<div class=\"elementor-widget-container\">\n\t\t\t\t\t\t\t\t\t<p>Rellena los datos y te mandaremos el formulario para que obtengas tu propio diagn\u00f3stico con nuestra metodolog\u00eda y puedas conocer tu posici\u00f3n en el ranking en tu sector para ser una empresa l\u00edder del talento femenino.<\/p>\t\t\t\t\t\t\t\t<\/div>\n\t\t\t\t<\/div>\n\t\t\t\t<div class=\"elementor-element elementor-element-145d81bf elementor-button-align-stretch elementor-widget elementor-widget-form\" data-id=\"145d81bf\" data-element_type=\"widget\" data-e-type=\"widget\" data-settings=\"{&quot;button_width&quot;:&quot;33&quot;,&quot;step_next_label&quot;:&quot;Siguiente&quot;,&quot;step_previous_label&quot;:&quot;Anterior&quot;,&quot;step_type&quot;:&quot;number_text&quot;,&quot;step_icon_shape&quot;:&quot;circle&quot;}\" data-widget_type=\"form.default\">\n\t\t\t\t<div class=\"elementor-widget-container\">\n\t\t\t\t\t\t\t<form class=\"elementor-form\" method=\"post\" id=\"20\" name=\"Formulario de Contacto\" aria-label=\"Formulario de Contacto\">\n\t\t\t<input type=\"hidden\" name=\"post_id\" value=\"2307\"\/>\n\t\t\t<input type=\"hidden\" name=\"form_id\" value=\"145d81bf\"\/>\n\t\t\t<input type=\"hidden\" name=\"referer_title\" value=\"Formulario Ranking Women Approved 2025 - Instituto M\u00e1s Mujeres\" \/>\n\n\t\t\t\t\t\t\t<input type=\"hidden\" name=\"queried_id\" value=\"2307\"\/>\n\t\t\t\n\t\t\t<div class=\"elementor-form-fields-wrapper elementor-labels-\">\n\t\t\t\t\t\t\t\t<div class=\"elementor-field-type-text elementor-field-group elementor-column elementor-field-group-name elementor-col-100 elementor-field-required\">\n\t\t\t\t\t\t\t\t\t\t\t\t<label for=\"form-field-name\" class=\"elementor-field-label elementor-screen-only\">\n\t\t\t\t\t\t\t\tNombre\t\t\t\t\t\t\t<\/label>\n\t\t\t\t\t\t\t\t\t\t\t\t\t\t<input size=\"1\" type=\"text\" name=\"form_fields[name]\" id=\"form-field-name\" class=\"elementor-field elementor-size-xs  elementor-field-textual\" placeholder=\"Nombre \" required=\"required\">\n\t\t\t\t\t\t\t\t\t\t\t<\/div>\n\t\t\t\t\t\t\t\t<div class=\"elementor-field-type-text elementor-field-group elementor-column elementor-field-group-field_ce7dc47 elementor-col-100 elementor-field-required\">\n\t\t\t\t\t\t\t\t\t\t\t\t<label for=\"form-field-field_ce7dc47\" class=\"elementor-field-label elementor-screen-only\">\n\t\t\t\t\t\t\t\tApellidos\t\t\t\t\t\t\t<\/label>\n\t\t\t\t\t\t\t\t\t\t\t\t\t\t<input size=\"1\" type=\"text\" name=\"form_fields[field_ce7dc47]\" id=\"form-field-field_ce7dc47\" class=\"elementor-field elementor-size-xs  elementor-field-textual\" placeholder=\"Apellidos\" required=\"required\">\n\t\t\t\t\t\t\t\t\t\t\t<\/div>\n\t\t\t\t\t\t\t\t<div class=\"elementor-field-type-text elementor-field-group elementor-column elementor-field-group-field_4ee4d5a elementor-col-100 elementor-field-required\">\n\t\t\t\t\t\t\t\t\t\t\t\t<label for=\"form-field-field_4ee4d5a\" class=\"elementor-field-label elementor-screen-only\">\n\t\t\t\t\t\t\t\tEmpresa\t\t\t\t\t\t\t<\/label>\n\t\t\t\t\t\t\t\t\t\t\t\t\t\t<input size=\"1\" type=\"text\" name=\"form_fields[field_4ee4d5a]\" id=\"form-field-field_4ee4d5a\" class=\"elementor-field elementor-size-xs  elementor-field-textual\" placeholder=\"Empresa\" required=\"required\">\n\t\t\t\t\t\t\t\t\t\t\t<\/div>\n\t\t\t\t\t\t\t\t<div class=\"elementor-field-type-email elementor-field-group elementor-column elementor-field-group-email elementor-col-100 elementor-field-required\">\n\t\t\t\t\t\t\t\t\t\t\t\t<label for=\"form-field-email\" class=\"elementor-field-label elementor-screen-only\">\n\t\t\t\t\t\t\t\tCorreo electr\u00f3nico\t\t\t\t\t\t\t<\/label>\n\t\t\t\t\t\t\t\t\t\t\t\t\t\t<input size=\"1\" type=\"email\" name=\"form_fields[email]\" id=\"form-field-email\" class=\"elementor-field elementor-size-xs  elementor-field-textual\" placeholder=\"Correo electr\u00f3nico\" required=\"required\">\n\t\t\t\t\t\t\t\t\t\t\t<\/div>\n\t\t\t\t\t\t\t\t<div class=\"elementor-field-type-tel elementor-field-group elementor-column elementor-field-group-field_12295af elementor-col-100 elementor-field-required\">\n\t\t\t\t\t\t\t\t\t\t\t\t<label for=\"form-field-field_12295af\" class=\"elementor-field-label elementor-screen-only\">\n\t\t\t\t\t\t\t\tTel\u00e9fono\t\t\t\t\t\t\t<\/label>\n\t\t\t\t\t\t\t\t<input size=\"1\" type=\"tel\" name=\"form_fields[field_12295af]\" id=\"form-field-field_12295af\" class=\"elementor-field elementor-size-xs  elementor-field-textual\" placeholder=\"Tel\u00e9fono\" required=\"required\" pattern=\"[0-9()#&amp;+*-=.]+\" title=\"Solo se aceptan n\u00fameros y caracteres de tel\u00e9fono (#,-,*,etc).\">\n\n\t\t\t\t\t\t<\/div>\n\t\t\t\t\t\t\t\t<div class=\"elementor-field-type-acceptance elementor-field-group elementor-column elementor-field-group-field_3604583 elementor-col-100 elementor-field-required\">\n\t\t\t\t\t\t\t\t\t\t\t\t<label for=\"form-field-field_3604583\" class=\"elementor-field-label elementor-screen-only\">\n\t\t\t\t\t\t\t\tHe le\u00eddo y acepto la pol\u00edtica de privacidad\t\t\t\t\t\t\t<\/label>\n\t\t\t\t\t\t\t\t<div class=\"elementor-field-subgroup\">\n\t\t\t<span class=\"elementor-field-option\">\n\t\t\t\t<input type=\"checkbox\" name=\"form_fields[field_3604583]\" id=\"form-field-field_3604583\" class=\"elementor-field elementor-size-xs  elementor-acceptance-field\" required=\"required\">\n\t\t\t\t<label for=\"form-field-field_3604583\">He le\u00eddo y acepto la pol\u00edtica de tratamiento de datos  de <a href=\"https:\/\/institutomasmujeres.com\/index.php\/aviso-legal-y-politica-de-privacidad\/\"> Instituto M\u00e1s Mujeres <\/a> <\/label>\t\t\t<\/span>\n\t\t<\/div>\n\t\t\t\t\t\t<\/div>\n\t\t\t\t\t\t\t\t<div class=\"elementor-field-group elementor-column elementor-field-type-submit elementor-col-33 e-form__buttons\">\n\t\t\t\t\t<button class=\"elementor-button elementor-size-sm\" type=\"submit\">\n\t\t\t\t\t\t<span class=\"elementor-button-content-wrapper\">\n\t\t\t\t\t\t\t\t\t\t\t\t\t\t\t\t\t\t\t\t\t\t<span class=\"elementor-button-text\">\u00a1 QUIERO PARTICIPAR !<\/span>\n\t\t\t\t\t\t\t\t\t\t\t\t\t<\/span>\n\t\t\t\t\t<\/button>\n\t\t\t\t<\/div>\n\t\t\t<\/div>\n\t\t<\/form>\n\t\t\t\t\t\t<\/div>\n\t\t\t\t<\/div>\n\t\t\t\t\t<\/div>\n\t\t<\/div>\n\t\t\t\t\t<\/div>\n\t\t<\/section>\n\t\t\t\t<section class=\"elementor-section elementor-top-section elementor-element elementor-element-3fc2705 elementor-section-boxed elementor-section-height-default elementor-section-height-default\" data-id=\"3fc2705\" data-element_type=\"section\" data-e-type=\"section\">\n\t\t\t\t\t\t<div class=\"elementor-container elementor-column-gap-default\">\n\t\t\t\t\t<div class=\"elementor-column elementor-col-100 elementor-top-column elementor-element elementor-element-2db39d8\" data-id=\"2db39d8\" data-element_type=\"column\" data-e-type=\"column\">\n\t\t\t<div class=\"elementor-widget-wrap elementor-element-populated\">\n\t\t\t\t\t\t<div class=\"elementor-element elementor-element-c33b14d elementor-widget elementor-widget-heading\" data-id=\"c33b14d\" data-element_type=\"widget\" data-e-type=\"widget\" data-widget_type=\"heading.default\">\n\t\t\t\t<div class=\"elementor-widget-container\">\n\t\t\t\t\t<h2 class=\"elementor-heading-title elementor-size-default\">Participa en el ranking que valora las Mejores empresas donde las mujeres pueden trabajar.<\/h2>\t\t\t\t<\/div>\n\t\t\t\t<\/div>\n\t\t\t\t<div class=\"elementor-element elementor-element-3b74b5e elementor-widget elementor-widget-text-editor\" data-id=\"3b74b5e\" data-element_type=\"widget\" data-e-type=\"widget\" data-widget_type=\"text-editor.default\">\n\t\t\t\t<div class=\"elementor-widget-container\">\n\t\t\t\t\t\t\t\t\t<p>En Instituto M\u00e1s Mujeres queremos reconocer y dar visibilidad a:<\/p>\n<ul>\n<li>Empresas destacan por su capacidad para transformar y&nbsp;<span style=\"color: var( --e-global-color-text ); font-family: var( --e-global-typography-text-font-family ), Sans-serif; font-size: var( --e-global-typography-text-font-size ); font-weight: var( --e-global-typography-text-font-weight );\">mejorar significativamente la equidad de g\u00e9nero en su&nbsp;<\/span><span style=\"color: var( --e-global-color-text ); font-family: var( --e-global-typography-text-font-family ), Sans-serif; font-size: var( --e-global-typography-text-font-size ); font-weight: var( --e-global-typography-text-font-weight );\">organizaci\u00f3n.<\/span><\/li>\n<li><span style=\"color: var( --e-global-color-text ); font-family: var( --e-global-typography-text-font-family ), Sans-serif; font-size: var( --e-global-typography-text-font-size ); font-weight: var( --e-global-typography-text-font-weight );\">Empresas que dedican esfuerzos en empoderar a&nbsp;<\/span><span style=\"color: var( --e-global-color-text ); font-family: var( --e-global-typography-text-font-family ), Sans-serif; font-size: var( --e-global-typography-text-font-size ); font-weight: var( --e-global-typography-text-font-weight );\">las mujeres en todos los niveles,&nbsp;<\/span><span style=\"color: var( --e-global-color-text ); font-family: var( --e-global-typography-text-font-family ), Sans-serif; font-size: var( --e-global-typography-text-font-size ); font-weight: var( --e-global-typography-text-font-weight );\">ofreciendo oportunidades de crecimiento y desarrollo.<\/span><span style=\"color: var( --e-global-color-text ); font-family: var( --e-global-typography-text-font-family ), Sans-serif; font-size: var( --e-global-typography-text-font-size ); font-weight: var( --e-global-typography-text-font-weight );\"><br><\/span><\/li>\n<li>Empresas son pioneras en la creaci\u00f3n e implementaci\u00f3n&nbsp;<span style=\"color: var( --e-global-color-text ); font-family: var( --e-global-typography-text-font-family ), Sans-serif; font-size: var( --e-global-typography-text-font-size ); font-weight: var( --e-global-typography-text-font-weight );\">de soluciones innovadoras para promover el talento&nbsp;<\/span><span style=\"color: var( --e-global-color-text ); font-family: var( --e-global-typography-text-font-family ), Sans-serif; font-size: var( --e-global-typography-text-font-size ); font-weight: var( --e-global-typography-text-font-weight );\">femenino y la igualdad.<\/span><\/li>\n<\/ul>\t\t\t\t\t\t\t\t<\/div>\n\t\t\t\t<\/div>\n\t\t\t\t<div class=\"elementor-element elementor-element-27a31b2 elementor-widget elementor-widget-heading\" data-id=\"27a31b2\" data-element_type=\"widget\" data-e-type=\"widget\" data-widget_type=\"heading.default\">\n\t\t\t\t<div class=\"elementor-widget-container\">\n\t\t\t\t\t<h2 class=\"elementor-heading-title elementor-size-default\">\u00a1S\u00e9 una empresa women approved!<\/h2>\t\t\t\t<\/div>\n\t\t\t\t<\/div>\n\t\t\t\t<div class=\"elementor-element elementor-element-b3bc7f6 elementor-widget elementor-widget-spacer\" data-id=\"b3bc7f6\" data-element_type=\"widget\" data-e-type=\"widget\" data-widget_type=\"spacer.default\">\n\t\t\t\t<div class=\"elementor-widget-container\">\n\t\t\t\t\t\t\t<div class=\"elementor-spacer\">\n\t\t\t<div class=\"elementor-spacer-inner\"><\/div>\n\t\t<\/div>\n\t\t\t\t\t\t<\/div>\n\t\t\t\t<\/div>\n\t\t\t\t\t<\/div>\n\t\t<\/div>\n\t\t\t\t\t<\/div>\n\t\t<\/section>\n\t\t\t\t<\/div>\n\t\t","protected":false},"excerpt":{"rendered":"<p>\u00bfQuieres participar en el ranking Women Approved? Logra que tu organizaci\u00f3n pueda ser reconocida como empresa referente para el talento femenino. Rellena los datos y te mandaremos el formulario para que obtengas tu propio diagn\u00f3stico con nuestra metodolog\u00eda y puedas conocer tu posici\u00f3n en el ranking en tu sector para ser una empresa l\u00edder del [&hellip;]<\/p>\n","protected":false},"author":1,"featured_media":0,"parent":0,"menu_order":0,"comment_status":"closed","ping_status":"closed","template":"elementor_header_footer","meta":{"_jet_sm_ready_style":"","_jet_sm_style":"","_jet_sm_controls_values":"","_jet_sm_fonts_collection":"","_jet_sm_fonts_links":"","footnotes":""},"class_list":["post-2307","page","type-page","status-publish","hentry"],"yoast_head":"<!-- This site is optimized with the Yoast SEO plugin v27.3 - https:\/\/yoast.com\/product\/yoast-seo-wordpress\/ -->\n<title>Formulario Ranking Women Approved 2025 - Instituto M\u00e1s Mujeres<\/title>\n<meta name=\"robots\" content=\"index, follow, max-snippet:-1, max-image-preview:large, max-video-preview:-1\" \/>\n<link rel=\"canonical\" href=\"https:\/\/institutomasmujeres.com\/ca\/participacion-ranking-womenapproved\/\" \/>\n<meta property=\"og:locale\" content=\"ca_ES\" \/>\n<meta property=\"og:type\" content=\"article\" \/>\n<meta property=\"og:title\" content=\"Formulario Ranking Women Approved 2025 - Instituto M\u00e1s Mujeres\" \/>\n<meta property=\"og:description\" content=\"\u00bfQuieres participar en el ranking Women Approved? Logra que tu organizaci\u00f3n pueda ser reconocida como empresa referente para el talento femenino. Rellena los datos y te mandaremos el formulario para que obtengas tu propio diagn\u00f3stico con nuestra metodolog\u00eda y puedas conocer tu posici\u00f3n en el ranking en tu sector para ser una empresa l\u00edder del [&hellip;]\" \/>\n<meta property=\"og:url\" content=\"https:\/\/institutomasmujeres.com\/ca\/participacion-ranking-womenapproved\/\" \/>\n<meta property=\"og:site_name\" content=\"Instituto M\u00e1s Mujeres\" \/>\n<meta property=\"article:modified_time\" content=\"2026-04-13T14:59:27+00:00\" \/>\n<meta property=\"og:image\" content=\"https:\/\/institutomasmujeres.com\/wp-content\/uploads\/2024\/07\/final-01-png-ajustado.png\" \/>\n\t<meta property=\"og:image:width\" content=\"4211\" \/>\n\t<meta property=\"og:image:height\" content=\"3684\" \/>\n\t<meta property=\"og:image:type\" content=\"image\/png\" \/>\n<meta name=\"twitter:card\" content=\"summary_large_image\" \/>\n<meta name=\"twitter:label1\" content=\"Temps estimat de lectura\" \/>\n\t<meta name=\"twitter:data1\" content=\"1 minut\" \/>\n<script type=\"application\/ld+json\" class=\"yoast-schema-graph\">{\"@context\":\"https:\\\/\\\/schema.org\",\"@graph\":[{\"@type\":\"WebPage\",\"@id\":\"https:\\\/\\\/institutomasmujeres.com\\\/participacion-ranking-womenapproved\\\/\",\"url\":\"https:\\\/\\\/institutomasmujeres.com\\\/participacion-ranking-womenapproved\\\/\",\"name\":\"Formulario Ranking Women Approved 2025 - Instituto M\u00e1s Mujeres\",\"isPartOf\":{\"@id\":\"https:\\\/\\\/institutomasmujeres.com\\\/#website\"},\"primaryImageOfPage\":{\"@id\":\"https:\\\/\\\/institutomasmujeres.com\\\/participacion-ranking-womenapproved\\\/#primaryimage\"},\"image\":{\"@id\":\"https:\\\/\\\/institutomasmujeres.com\\\/participacion-ranking-womenapproved\\\/#primaryimage\"},\"thumbnailUrl\":\"https:\\\/\\\/institutomasmujeres.com\\\/wp-content\\\/uploads\\\/2024\\\/07\\\/final-01-png-ajustado-150x150.png\",\"datePublished\":\"2024-07-25T14:04:48+00:00\",\"dateModified\":\"2026-04-13T14:59:27+00:00\",\"breadcrumb\":{\"@id\":\"https:\\\/\\\/institutomasmujeres.com\\\/participacion-ranking-womenapproved\\\/#breadcrumb\"},\"inLanguage\":\"ca\",\"potentialAction\":[{\"@type\":\"ReadAction\",\"target\":[\"https:\\\/\\\/institutomasmujeres.com\\\/participacion-ranking-womenapproved\\\/\"]}]},{\"@type\":\"ImageObject\",\"inLanguage\":\"ca\",\"@id\":\"https:\\\/\\\/institutomasmujeres.com\\\/participacion-ranking-womenapproved\\\/#primaryimage\",\"url\":\"https:\\\/\\\/institutomasmujeres.com\\\/wp-content\\\/uploads\\\/2024\\\/07\\\/final-01-png-ajustado-150x150.png\",\"contentUrl\":\"https:\\\/\\\/institutomasmujeres.com\\\/wp-content\\\/uploads\\\/2024\\\/07\\\/final-01-png-ajustado-150x150.png\"},{\"@type\":\"BreadcrumbList\",\"@id\":\"https:\\\/\\\/institutomasmujeres.com\\\/participacion-ranking-womenapproved\\\/#breadcrumb\",\"itemListElement\":[{\"@type\":\"ListItem\",\"position\":1,\"name\":\"Portada\",\"item\":\"https:\\\/\\\/institutomasmujeres.com\\\/\"},{\"@type\":\"ListItem\",\"position\":2,\"name\":\"Formulario Ranking Women Approved 2025\"}]},{\"@type\":\"WebSite\",\"@id\":\"https:\\\/\\\/institutomasmujeres.com\\\/#website\",\"url\":\"https:\\\/\\\/institutomasmujeres.com\\\/\",\"name\":\"Instituto M\u00e1s Mujeres\",\"description\":\"M\u00e1s l\u00edderes, m\u00e1s visibles\",\"publisher\":{\"@id\":\"https:\\\/\\\/institutomasmujeres.com\\\/#organization\"},\"potentialAction\":[{\"@type\":\"SearchAction\",\"target\":{\"@type\":\"EntryPoint\",\"urlTemplate\":\"https:\\\/\\\/institutomasmujeres.com\\\/?s={search_term_string}\"},\"query-input\":{\"@type\":\"PropertyValueSpecification\",\"valueRequired\":true,\"valueName\":\"search_term_string\"}}],\"inLanguage\":\"ca\"},{\"@type\":\"Organization\",\"@id\":\"https:\\\/\\\/institutomasmujeres.com\\\/#organization\",\"name\":\"Instituto M\u00e1s Mujeres\",\"url\":\"https:\\\/\\\/institutomasmujeres.com\\\/\",\"logo\":{\"@type\":\"ImageObject\",\"inLanguage\":\"ca\",\"@id\":\"https:\\\/\\\/institutomasmujeres.com\\\/#\\\/schema\\\/logo\\\/image\\\/\",\"url\":\"https:\\\/\\\/institutomasmujeres.com\\\/wp-content\\\/uploads\\\/2022\\\/08\\\/mas-mujeres-amb-fletxa.svg\",\"contentUrl\":\"https:\\\/\\\/institutomasmujeres.com\\\/wp-content\\\/uploads\\\/2022\\\/08\\\/mas-mujeres-amb-fletxa.svg\",\"width\":100,\"height\":100,\"caption\":\"Instituto M\u00e1s Mujeres\"},\"image\":{\"@id\":\"https:\\\/\\\/institutomasmujeres.com\\\/#\\\/schema\\\/logo\\\/image\\\/\"}}]}<\/script>\n<!-- \/ Yoast SEO plugin. -->","yoast_head_json":{"title":"Formulario Ranking Women Approved 2025 - Instituto M\u00e1s Mujeres","robots":{"index":"index","follow":"follow","max-snippet":"max-snippet:-1","max-image-preview":"max-image-preview:large","max-video-preview":"max-video-preview:-1"},"canonical":"https:\/\/institutomasmujeres.com\/ca\/participacion-ranking-womenapproved\/","og_locale":"ca_ES","og_type":"article","og_title":"Formulario Ranking Women Approved 2025 - Instituto M\u00e1s Mujeres","og_description":"\u00bfQuieres participar en el ranking Women Approved? Logra que tu organizaci\u00f3n pueda ser reconocida como empresa referente para el talento femenino. Rellena los datos y te mandaremos el formulario para que obtengas tu propio diagn\u00f3stico con nuestra metodolog\u00eda y puedas conocer tu posici\u00f3n en el ranking en tu sector para ser una empresa l\u00edder del [&hellip;]","og_url":"https:\/\/institutomasmujeres.com\/ca\/participacion-ranking-womenapproved\/","og_site_name":"Instituto M\u00e1s Mujeres","article_modified_time":"2026-04-13T14:59:27+00:00","og_image":[{"width":4211,"height":3684,"url":"https:\/\/institutomasmujeres.com\/wp-content\/uploads\/2024\/07\/final-01-png-ajustado.png","type":"image\/png"}],"twitter_card":"summary_large_image","twitter_misc":{"Temps estimat de lectura":"1 minut"},"schema":{"@context":"https:\/\/schema.org","@graph":[{"@type":"WebPage","@id":"https:\/\/institutomasmujeres.com\/participacion-ranking-womenapproved\/","url":"https:\/\/institutomasmujeres.com\/participacion-ranking-womenapproved\/","name":"Formulario Ranking Women Approved 2025 - Instituto M\u00e1s Mujeres","isPartOf":{"@id":"https:\/\/institutomasmujeres.com\/#website"},"primaryImageOfPage":{"@id":"https:\/\/institutomasmujeres.com\/participacion-ranking-womenapproved\/#primaryimage"},"image":{"@id":"https:\/\/institutomasmujeres.com\/participacion-ranking-womenapproved\/#primaryimage"},"thumbnailUrl":"https:\/\/institutomasmujeres.com\/wp-content\/uploads\/2024\/07\/final-01-png-ajustado-150x150.png","datePublished":"2024-07-25T14:04:48+00:00","dateModified":"2026-04-13T14:59:27+00:00","breadcrumb":{"@id":"https:\/\/institutomasmujeres.com\/participacion-ranking-womenapproved\/#breadcrumb"},"inLanguage":"ca","potentialAction":[{"@type":"ReadAction","target":["https:\/\/institutomasmujeres.com\/participacion-ranking-womenapproved\/"]}]},{"@type":"ImageObject","inLanguage":"ca","@id":"https:\/\/institutomasmujeres.com\/participacion-ranking-womenapproved\/#primaryimage","url":"https:\/\/institutomasmujeres.com\/wp-content\/uploads\/2024\/07\/final-01-png-ajustado-150x150.png","contentUrl":"https:\/\/institutomasmujeres.com\/wp-content\/uploads\/2024\/07\/final-01-png-ajustado-150x150.png"},{"@type":"BreadcrumbList","@id":"https:\/\/institutomasmujeres.com\/participacion-ranking-womenapproved\/#breadcrumb","itemListElement":[{"@type":"ListItem","position":1,"name":"Portada","item":"https:\/\/institutomasmujeres.com\/"},{"@type":"ListItem","position":2,"name":"Formulario Ranking Women Approved 2025"}]},{"@type":"WebSite","@id":"https:\/\/institutomasmujeres.com\/#website","url":"https:\/\/institutomasmujeres.com\/","name":"Instituto M\u00e1s Mujeres","description":"M\u00e1s l\u00edderes, m\u00e1s visibles","publisher":{"@id":"https:\/\/institutomasmujeres.com\/#organization"},"potentialAction":[{"@type":"SearchAction","target":{"@type":"EntryPoint","urlTemplate":"https:\/\/institutomasmujeres.com\/?s={search_term_string}"},"query-input":{"@type":"PropertyValueSpecification","valueRequired":true,"valueName":"search_term_string"}}],"inLanguage":"ca"},{"@type":"Organization","@id":"https:\/\/institutomasmujeres.com\/#organization","name":"Instituto M\u00e1s Mujeres","url":"https:\/\/institutomasmujeres.com\/","logo":{"@type":"ImageObject","inLanguage":"ca","@id":"https:\/\/institutomasmujeres.com\/#\/schema\/logo\/image\/","url":"https:\/\/institutomasmujeres.com\/wp-content\/uploads\/2022\/08\/mas-mujeres-amb-fletxa.svg","contentUrl":"https:\/\/institutomasmujeres.com\/wp-content\/uploads\/2022\/08\/mas-mujeres-amb-fletxa.svg","width":100,"height":100,"caption":"Instituto M\u00e1s Mujeres"},"image":{"@id":"https:\/\/institutomasmujeres.com\/#\/schema\/logo\/image\/"}}]}},"jetpack_sharing_enabled":true,"_links":{"self":[{"href":"https:\/\/institutomasmujeres.com\/ca\/wp-json\/wp\/v2\/pages\/2307","targetHints":{"allow":["GET"]}}],"collection":[{"href":"https:\/\/institutomasmujeres.com\/ca\/wp-json\/wp\/v2\/pages"}],"about":[{"href":"https:\/\/institutomasmujeres.com\/ca\/wp-json\/wp\/v2\/types\/page"}],"author":[{"embeddable":true,"href":"https:\/\/institutomasmujeres.com\/ca\/wp-json\/wp\/v2\/users\/1"}],"replies":[{"embeddable":true,"href":"https:\/\/institutomasmujeres.com\/ca\/wp-json\/wp\/v2\/comments?post=2307"}],"version-history":[{"count":48,"href":"https:\/\/institutomasmujeres.com\/ca\/wp-json\/wp\/v2\/pages\/2307\/revisions"}],"predecessor-version":[{"id":2982,"href":"https:\/\/institutomasmujeres.com\/ca\/wp-json\/wp\/v2\/pages\/2307\/revisions\/2982"}],"wp:attachment":[{"href":"https:\/\/institutomasmujeres.com\/ca\/wp-json\/wp\/v2\/media?parent=2307"}],"curies":[{"name":"wp","href":"https:\/\/api.w.org\/{rel}","templated":true}]}}