{"id":2459,"date":"2025-03-28T10:41:24","date_gmt":"2025-03-28T10:41:24","guid":{"rendered":"https:\/\/institutomasmujeres.com\/?page_id=2459"},"modified":"2025-03-28T11:41:44","modified_gmt":"2025-03-28T11:41:44","slug":"estudio-mujeresdelvino","status":"publish","type":"page","link":"https:\/\/institutomasmujeres.com\/ca\/estudio-mujeresdelvino\/","title":{"rendered":"Estudio mujeres del vino"},"content":{"rendered":"\t\t<div data-elementor-type=\"wp-page\" data-elementor-id=\"2459\" class=\"elementor elementor-2459\" data-elementor-post-type=\"page\">\n\t\t\t\t\t\t<section class=\"elementor-section elementor-top-section elementor-element elementor-element-2ec21305 elementor-section-boxed elementor-section-height-default elementor-section-height-default\" data-id=\"2ec21305\" data-element_type=\"section\" data-e-type=\"section\" data-settings=\"{&quot;background_background&quot;:&quot;classic&quot;,&quot;shape_divider_top&quot;:&quot;opacity-tilt&quot;,&quot;shape_divider_bottom&quot;:&quot;opacity-tilt&quot;}\">\n\t\t\t\t\t\t\t<div class=\"elementor-background-overlay\"><\/div>\n\t\t\t\t\t\t<div class=\"elementor-shape elementor-shape-top\" aria-hidden=\"true\" data-negative=\"false\">\n\t\t\t<svg xmlns=\"http:\/\/www.w3.org\/2000\/svg\" viewBox=\"0 0 2600 131.1\" preserveAspectRatio=\"none\">\n\t<path class=\"elementor-shape-fill\" d=\"M0 0L2600 0 2600 69.1 0 0z\"\/>\n\t<path class=\"elementor-shape-fill\" style=\"opacity:0.5\" d=\"M0 0L2600 0 2600 69.1 0 69.1z\"\/>\n\t<path class=\"elementor-shape-fill\" style=\"opacity:0.25\" d=\"M2600 0L0 0 0 130.1 2600 69.1z\"\/>\n<\/svg>\t\t<\/div>\n\t\t\t\t<div class=\"elementor-shape elementor-shape-bottom\" aria-hidden=\"true\" data-negative=\"false\">\n\t\t\t<svg xmlns=\"http:\/\/www.w3.org\/2000\/svg\" viewBox=\"0 0 2600 131.1\" preserveAspectRatio=\"none\">\n\t<path class=\"elementor-shape-fill\" d=\"M0 0L2600 0 2600 69.1 0 0z\"\/>\n\t<path class=\"elementor-shape-fill\" style=\"opacity:0.5\" d=\"M0 0L2600 0 2600 69.1 0 69.1z\"\/>\n\t<path class=\"elementor-shape-fill\" style=\"opacity:0.25\" d=\"M2600 0L0 0 0 130.1 2600 69.1z\"\/>\n<\/svg>\t\t<\/div>\n\t\t\t\t\t<div class=\"elementor-container elementor-column-gap-wider\">\n\t\t\t\t\t<div class=\"elementor-column elementor-col-50 elementor-top-column elementor-element elementor-element-ac1a689\" data-id=\"ac1a689\" data-element_type=\"column\" data-e-type=\"column\" data-settings=\"{&quot;background_background&quot;:&quot;classic&quot;}\">\n\t\t\t<div class=\"elementor-widget-wrap elementor-element-populated\">\n\t\t\t\t\t\t<div class=\"elementor-element elementor-element-2407b575 elementor-widget elementor-widget-spacer\" data-id=\"2407b575\" data-element_type=\"widget\" data-e-type=\"widget\" data-widget_type=\"spacer.default\">\n\t\t\t\t<div class=\"elementor-widget-container\">\n\t\t\t\t\t\t\t<div class=\"elementor-spacer\">\n\t\t\t<div class=\"elementor-spacer-inner\"><\/div>\n\t\t<\/div>\n\t\t\t\t\t\t<\/div>\n\t\t\t\t<\/div>\n\t\t\t\t\t<\/div>\n\t\t<\/div>\n\t\t\t\t<div class=\"elementor-column elementor-col-50 elementor-top-column elementor-element elementor-element-5397fdd\" data-id=\"5397fdd\" data-element_type=\"column\" data-e-type=\"column\">\n\t\t\t<div class=\"elementor-widget-wrap elementor-element-populated\">\n\t\t\t\t\t\t<div class=\"elementor-element elementor-element-2cc8ec38 elementor-widget elementor-widget-heading\" data-id=\"2cc8ec38\" data-element_type=\"widget\" data-e-type=\"widget\" data-widget_type=\"heading.default\">\n\t\t\t\t<div class=\"elementor-widget-container\">\n\t\t\t\t\t<h1 class=\"elementor-heading-title elementor-size-default\">DescaRga El estudio de mujeres en el sector del vino 2024<\/h1>\t\t\t\t<\/div>\n\t\t\t\t<\/div>\n\t\t\t\t<div class=\"elementor-element elementor-element-355b86d9 elementor-widget elementor-widget-text-editor\" data-id=\"355b86d9\" data-element_type=\"widget\" data-e-type=\"widget\" data-widget_type=\"text-editor.default\">\n\t\t\t\t<div class=\"elementor-widget-container\">\n\t\t\t\t\t\t\t\t\t<p><strong>\u00bfQuieres saber c\u00f3mo se sienten las mujeres en el sector del vino?<\/strong><\/p><p>No te pierdas los resultados del primer estudio que desvela datos sobre las mujeres en el sector del vino y su desarrollo profesional.<\/p>\t\t\t\t\t\t\t\t<\/div>\n\t\t\t\t<\/div>\n\t\t\t\t<div class=\"elementor-element elementor-element-4d3686ff elementor-button-align-stretch elementor-widget elementor-widget-form\" data-id=\"4d3686ff\" data-element_type=\"widget\" data-e-type=\"widget\" data-settings=\"{&quot;button_width&quot;:&quot;33&quot;,&quot;step_next_label&quot;:&quot;Siguiente&quot;,&quot;step_previous_label&quot;:&quot;Anterior&quot;,&quot;step_type&quot;:&quot;number_text&quot;,&quot;step_icon_shape&quot;:&quot;circle&quot;}\" data-widget_type=\"form.default\">\n\t\t\t\t<div class=\"elementor-widget-container\">\n\t\t\t\t\t\t\t<form class=\"elementor-form\" method=\"post\" name=\"Formulario de Contacto\" aria-label=\"Formulario de Contacto\">\n\t\t\t<input type=\"hidden\" name=\"post_id\" value=\"2459\"\/>\n\t\t\t<input type=\"hidden\" name=\"form_id\" value=\"4d3686ff\"\/>\n\t\t\t<input type=\"hidden\" name=\"referer_title\" value=\"Estudio mujeres del vino - Instituto M\u00e1s Mujeres\" \/>\n\n\t\t\t\t\t\t\t<input type=\"hidden\" name=\"queried_id\" value=\"2459\"\/>\n\t\t\t\n\t\t\t<div class=\"elementor-form-fields-wrapper elementor-labels-\">\n\t\t\t\t\t\t\t\t<div class=\"elementor-field-type-text elementor-field-group elementor-column elementor-field-group-name elementor-col-100 elementor-field-required\">\n\t\t\t\t\t\t\t\t\t\t\t\t<label for=\"form-field-name\" class=\"elementor-field-label elementor-screen-only\">\n\t\t\t\t\t\t\t\tNombre y Apellidos\t\t\t\t\t\t\t<\/label>\n\t\t\t\t\t\t\t\t\t\t\t\t\t\t<input size=\"1\" type=\"text\" name=\"form_fields[name]\" id=\"form-field-name\" class=\"elementor-field elementor-size-xs  elementor-field-textual\" placeholder=\"Nombre y Apellidos\" required=\"required\">\n\t\t\t\t\t\t\t\t\t\t\t<\/div>\n\t\t\t\t\t\t\t\t<div class=\"elementor-field-type-email elementor-field-group elementor-column elementor-field-group-email elementor-col-100 elementor-field-required\">\n\t\t\t\t\t\t\t\t\t\t\t\t<label for=\"form-field-email\" class=\"elementor-field-label elementor-screen-only\">\n\t\t\t\t\t\t\t\tCorreo electr\u00f3nico\t\t\t\t\t\t\t<\/label>\n\t\t\t\t\t\t\t\t\t\t\t\t\t\t<input size=\"1\" type=\"email\" name=\"form_fields[email]\" id=\"form-field-email\" class=\"elementor-field elementor-size-xs  elementor-field-textual\" placeholder=\"Correo electr\u00f3nico\" required=\"required\">\n\t\t\t\t\t\t\t\t\t\t\t<\/div>\n\t\t\t\t\t\t\t\t<div class=\"elementor-field-type-acceptance elementor-field-group elementor-column elementor-field-group-field_3604583 elementor-col-100 elementor-field-required\">\n\t\t\t\t\t\t\t\t\t\t\t\t<label for=\"form-field-field_3604583\" class=\"elementor-field-label elementor-screen-only\">\n\t\t\t\t\t\t\t\tHe le\u00eddo y acepto la pol\u00edtica de privacidad\t\t\t\t\t\t\t<\/label>\n\t\t\t\t\t\t\t\t<div class=\"elementor-field-subgroup\">\n\t\t\t<span class=\"elementor-field-option\">\n\t\t\t\t<input type=\"checkbox\" name=\"form_fields[field_3604583]\" id=\"form-field-field_3604583\" class=\"elementor-field elementor-size-xs  elementor-acceptance-field\" required=\"required\">\n\t\t\t\t<label for=\"form-field-field_3604583\">He le\u00eddo y acepto la pol\u00edtica de tratamiento de datos  de <a href=\"https:\/\/institutomasmujeres.com\/index.php\/aviso-legal-y-politica-de-privacidad\/\"> Instituto M\u00e1s Mujeres <\/a> <\/label>\t\t\t<\/span>\n\t\t<\/div>\n\t\t\t\t\t\t<\/div>\n\t\t\t\t\t\t\t\t<div class=\"elementor-field-group elementor-column elementor-field-type-submit elementor-col-33 e-form__buttons\">\n\t\t\t\t\t<button class=\"elementor-button elementor-size-sm\" type=\"submit\">\n\t\t\t\t\t\t<span class=\"elementor-button-content-wrapper\">\n\t\t\t\t\t\t\t\t\t\t\t\t\t\t\t\t\t\t\t\t\t\t<span class=\"elementor-button-text\">\u00a1 Lo quiero !<\/span>\n\t\t\t\t\t\t\t\t\t\t\t\t\t<\/span>\n\t\t\t\t\t<\/button>\n\t\t\t\t<\/div>\n\t\t\t<\/div>\n\t\t<\/form>\n\t\t\t\t\t\t<\/div>\n\t\t\t\t<\/div>\n\t\t\t\t\t<\/div>\n\t\t<\/div>\n\t\t\t\t\t<\/div>\n\t\t<\/section>\n\t\t\t\t<section class=\"elementor-section elementor-top-section elementor-element elementor-element-c785e46 elementor-section-boxed elementor-section-height-default elementor-section-height-default\" data-id=\"c785e46\" data-element_type=\"section\" data-e-type=\"section\">\n\t\t\t\t\t\t<div class=\"elementor-container elementor-column-gap-default\">\n\t\t\t\t\t<div class=\"elementor-column elementor-col-100 elementor-top-column elementor-element elementor-element-2b46ad9\" data-id=\"2b46ad9\" data-element_type=\"column\" data-e-type=\"column\">\n\t\t\t<div class=\"elementor-widget-wrap elementor-element-populated\">\n\t\t\t\t\t\t<div class=\"elementor-element elementor-element-f0ae9b4 elementor-widget elementor-widget-spacer\" data-id=\"f0ae9b4\" data-element_type=\"widget\" data-e-type=\"widget\" data-widget_type=\"spacer.default\">\n\t\t\t\t<div class=\"elementor-widget-container\">\n\t\t\t\t\t\t\t<div class=\"elementor-spacer\">\n\t\t\t<div class=\"elementor-spacer-inner\"><\/div>\n\t\t<\/div>\n\t\t\t\t\t\t<\/div>\n\t\t\t\t<\/div>\n\t\t\t\t\t<\/div>\n\t\t<\/div>\n\t\t\t\t\t<\/div>\n\t\t<\/section>\n\t\t\t\t<section class=\"elementor-section elementor-top-section elementor-element elementor-element-115a897 elementor-section-boxed elementor-section-height-default elementor-section-height-default\" data-id=\"115a897\" data-element_type=\"section\" data-e-type=\"section\">\n\t\t\t\t\t\t<div class=\"elementor-container elementor-column-gap-default\">\n\t\t\t\t\t<div class=\"elementor-column elementor-col-100 elementor-top-column elementor-element elementor-element-2467c1f\" data-id=\"2467c1f\" data-element_type=\"column\" data-e-type=\"column\">\n\t\t\t<div class=\"elementor-widget-wrap elementor-element-populated\">\n\t\t\t\t\t\t<div class=\"elementor-element elementor-element-a92513f elementor-widget elementor-widget-text-editor\" data-id=\"a92513f\" data-element_type=\"widget\" data-e-type=\"widget\" data-widget_type=\"text-editor.default\">\n\t\t\t\t<div class=\"elementor-widget-container\">\n\t\t\t\t\t\t\t\t\t<p>Con la colaboraci\u00f3n de:\u00a0<\/p>\t\t\t\t\t\t\t\t<\/div>\n\t\t\t\t<\/div>\n\t\t\t\t\t<\/div>\n\t\t<\/div>\n\t\t\t\t\t<\/div>\n\t\t<\/section>\n\t\t\t\t<section class=\"elementor-section elementor-top-section elementor-element elementor-element-110311f elementor-section-boxed elementor-section-height-default elementor-section-height-default\" data-id=\"110311f\" data-element_type=\"section\" data-e-type=\"section\">\n\t\t\t\t\t\t<div class=\"elementor-container elementor-column-gap-default\">\n\t\t\t\t\t<div class=\"elementor-column elementor-col-100 elementor-top-column elementor-element elementor-element-04aeb33\" data-id=\"04aeb33\" data-element_type=\"column\" data-e-type=\"column\">\n\t\t\t<div class=\"elementor-widget-wrap elementor-element-populated\">\n\t\t\t\t\t\t<div class=\"elementor-element elementor-element-b128a4c elementor-widget elementor-widget-image\" data-id=\"b128a4c\" data-element_type=\"widget\" data-e-type=\"widget\" data-widget_type=\"image.default\">\n\t\t\t\t<div class=\"elementor-widget-container\">\n\t\t\t\t\t\t\t\t\t\t\t\t\t\t\t<img decoding=\"async\" width=\"300\" height=\"68\" src=\"https:\/\/institutomasmujeres.com\/wp-content\/uploads\/2025\/03\/banner-colaboradores-estudio-vino-300x68.png\" class=\"attachment-medium size-medium wp-image-2460\" alt=\"\" srcset=\"https:\/\/institutomasmujeres.com\/wp-content\/uploads\/2025\/03\/banner-colaboradores-estudio-vino-300x68.png 300w, https:\/\/institutomasmujeres.com\/wp-content\/uploads\/2025\/03\/banner-colaboradores-estudio-vino-1024x231.png 1024w, https:\/\/institutomasmujeres.com\/wp-content\/uploads\/2025\/03\/banner-colaboradores-estudio-vino-768x173.png 768w, https:\/\/institutomasmujeres.com\/wp-content\/uploads\/2025\/03\/banner-colaboradores-estudio-vino.png 1160w\" sizes=\"(max-width: 300px) 100vw, 300px\" \/>\t\t\t\t\t\t\t\t\t\t\t\t\t\t\t<\/div>\n\t\t\t\t<\/div>\n\t\t\t\t\t<\/div>\n\t\t<\/div>\n\t\t\t\t\t<\/div>\n\t\t<\/section>\n\t\t\t\t<\/div>\n\t\t","protected":false},"excerpt":{"rendered":"<p>DescaRga El estudio de mujeres en el sector del vino 2024 \u00bfQuieres saber c\u00f3mo se sienten las mujeres en el sector del vino? No te pierdas los resultados del primer estudio que desvela datos sobre las mujeres en el sector del vino y su desarrollo profesional. Con la colaboraci\u00f3n de:\u00a0<\/p>","protected":false},"author":5,"featured_media":2462,"parent":0,"menu_order":0,"comment_status":"closed","ping_status":"closed","template":"elementor_canvas","meta":{"_jet_sm_ready_style":"","_jet_sm_style":"","_jet_sm_controls_values":"","_jet_sm_fonts_collection":"","_jet_sm_fonts_links":"","footnotes":""},"class_list":["post-2459","page","type-page","status-publish","has-post-thumbnail","hentry"],"yoast_head":"<!-- This site is optimized with the Yoast SEO plugin v27.3 - https:\/\/yoast.com\/product\/yoast-seo-wordpress\/ -->\n<title>Estudio mujeres del vino - Instituto M\u00e1s Mujeres<\/title>\n<meta name=\"robots\" content=\"index, follow, max-snippet:-1, max-image-preview:large, max-video-preview:-1\" \/>\n<link rel=\"canonical\" href=\"https:\/\/institutomasmujeres.com\/ca\/estudio-mujeresdelvino\/\" \/>\n<meta property=\"og:locale\" content=\"ca_ES\" \/>\n<meta property=\"og:type\" content=\"article\" \/>\n<meta property=\"og:title\" content=\"Estudio mujeres del vino - Instituto M\u00e1s Mujeres\" \/>\n<meta property=\"og:description\" content=\"DescaRga El estudio de mujeres en el sector del vino 2024 \u00bfQuieres saber c\u00f3mo se sienten las mujeres en el sector del vino? No te pierdas los resultados del primer estudio que desvela datos sobre las mujeres en el sector del vino y su desarrollo profesional. Con la colaboraci\u00f3n de:\u00a0\" \/>\n<meta property=\"og:url\" content=\"https:\/\/institutomasmujeres.com\/ca\/estudio-mujeresdelvino\/\" \/>\n<meta property=\"og:site_name\" content=\"Instituto M\u00e1s Mujeres\" \/>\n<meta property=\"article:modified_time\" content=\"2025-03-28T11:41:44+00:00\" \/>\n<meta property=\"og:image\" content=\"https:\/\/institutomasmujeres.com\/wp-content\/uploads\/2025\/03\/Tu_historia_para_Instagram_cata_de_vino_neutro___1_-removebg-preview.png\" \/>\n\t<meta property=\"og:image:width\" content=\"480\" \/>\n\t<meta property=\"og:image:height\" content=\"520\" \/>\n\t<meta property=\"og:image:type\" content=\"image\/png\" \/>\n<meta name=\"twitter:card\" content=\"summary_large_image\" \/>\n<meta name=\"twitter:label1\" content=\"Temps estimat de lectura\" \/>\n\t<meta name=\"twitter:data1\" content=\"1 minut\" \/>\n<script type=\"application\/ld+json\" class=\"yoast-schema-graph\">{\"@context\":\"https:\\\/\\\/schema.org\",\"@graph\":[{\"@type\":\"WebPage\",\"@id\":\"https:\\\/\\\/institutomasmujeres.com\\\/estudio-mujeresdelvino\\\/\",\"url\":\"https:\\\/\\\/institutomasmujeres.com\\\/estudio-mujeresdelvino\\\/\",\"name\":\"Estudio mujeres del vino - Instituto M\u00e1s Mujeres\",\"isPartOf\":{\"@id\":\"https:\\\/\\\/institutomasmujeres.com\\\/#website\"},\"primaryImageOfPage\":{\"@id\":\"https:\\\/\\\/institutomasmujeres.com\\\/estudio-mujeresdelvino\\\/#primaryimage\"},\"image\":{\"@id\":\"https:\\\/\\\/institutomasmujeres.com\\\/estudio-mujeresdelvino\\\/#primaryimage\"},\"thumbnailUrl\":\"https:\\\/\\\/institutomasmujeres.com\\\/wp-content\\\/uploads\\\/2025\\\/03\\\/Tu_historia_para_Instagram_cata_de_vino_neutro___1_-removebg-preview.png\",\"datePublished\":\"2025-03-28T10:41:24+00:00\",\"dateModified\":\"2025-03-28T11:41:44+00:00\",\"breadcrumb\":{\"@id\":\"https:\\\/\\\/institutomasmujeres.com\\\/estudio-mujeresdelvino\\\/#breadcrumb\"},\"inLanguage\":\"ca\",\"potentialAction\":[{\"@type\":\"ReadAction\",\"target\":[\"https:\\\/\\\/institutomasmujeres.com\\\/estudio-mujeresdelvino\\\/\"]}]},{\"@type\":\"ImageObject\",\"inLanguage\":\"ca\",\"@id\":\"https:\\\/\\\/institutomasmujeres.com\\\/estudio-mujeresdelvino\\\/#primaryimage\",\"url\":\"https:\\\/\\\/institutomasmujeres.com\\\/wp-content\\\/uploads\\\/2025\\\/03\\\/Tu_historia_para_Instagram_cata_de_vino_neutro___1_-removebg-preview.png\",\"contentUrl\":\"https:\\\/\\\/institutomasmujeres.com\\\/wp-content\\\/uploads\\\/2025\\\/03\\\/Tu_historia_para_Instagram_cata_de_vino_neutro___1_-removebg-preview.png\",\"width\":480,\"height\":520},{\"@type\":\"BreadcrumbList\",\"@id\":\"https:\\\/\\\/institutomasmujeres.com\\\/estudio-mujeresdelvino\\\/#breadcrumb\",\"itemListElement\":[{\"@type\":\"ListItem\",\"position\":1,\"name\":\"Portada\",\"item\":\"https:\\\/\\\/institutomasmujeres.com\\\/\"},{\"@type\":\"ListItem\",\"position\":2,\"name\":\"Estudio mujeres del vino\"}]},{\"@type\":\"WebSite\",\"@id\":\"https:\\\/\\\/institutomasmujeres.com\\\/#website\",\"url\":\"https:\\\/\\\/institutomasmujeres.com\\\/\",\"name\":\"Instituto M\u00e1s Mujeres\",\"description\":\"M\u00e1s l\u00edderes, m\u00e1s visibles\",\"publisher\":{\"@id\":\"https:\\\/\\\/institutomasmujeres.com\\\/#organization\"},\"potentialAction\":[{\"@type\":\"SearchAction\",\"target\":{\"@type\":\"EntryPoint\",\"urlTemplate\":\"https:\\\/\\\/institutomasmujeres.com\\\/?s={search_term_string}\"},\"query-input\":{\"@type\":\"PropertyValueSpecification\",\"valueRequired\":true,\"valueName\":\"search_term_string\"}}],\"inLanguage\":\"ca\"},{\"@type\":\"Organization\",\"@id\":\"https:\\\/\\\/institutomasmujeres.com\\\/#organization\",\"name\":\"Instituto M\u00e1s Mujeres\",\"url\":\"https:\\\/\\\/institutomasmujeres.com\\\/\",\"logo\":{\"@type\":\"ImageObject\",\"inLanguage\":\"ca\",\"@id\":\"https:\\\/\\\/institutomasmujeres.com\\\/#\\\/schema\\\/logo\\\/image\\\/\",\"url\":\"https:\\\/\\\/institutomasmujeres.com\\\/wp-content\\\/uploads\\\/2022\\\/08\\\/mas-mujeres-amb-fletxa.svg\",\"contentUrl\":\"https:\\\/\\\/institutomasmujeres.com\\\/wp-content\\\/uploads\\\/2022\\\/08\\\/mas-mujeres-amb-fletxa.svg\",\"width\":100,\"height\":100,\"caption\":\"Instituto M\u00e1s Mujeres\"},\"image\":{\"@id\":\"https:\\\/\\\/institutomasmujeres.com\\\/#\\\/schema\\\/logo\\\/image\\\/\"}}]}<\/script>\n<!-- \/ Yoast SEO plugin. -->","yoast_head_json":{"title":"Estudio mujeres del vino - Instituto M\u00e1s Mujeres","robots":{"index":"index","follow":"follow","max-snippet":"max-snippet:-1","max-image-preview":"max-image-preview:large","max-video-preview":"max-video-preview:-1"},"canonical":"https:\/\/institutomasmujeres.com\/ca\/estudio-mujeresdelvino\/","og_locale":"ca_ES","og_type":"article","og_title":"Estudio mujeres del vino - Instituto M\u00e1s Mujeres","og_description":"DescaRga El estudio de mujeres en el sector del vino 2024 \u00bfQuieres saber c\u00f3mo se sienten las mujeres en el sector del vino? No te pierdas los resultados del primer estudio que desvela datos sobre las mujeres en el sector del vino y su desarrollo profesional. Con la colaboraci\u00f3n de:\u00a0","og_url":"https:\/\/institutomasmujeres.com\/ca\/estudio-mujeresdelvino\/","og_site_name":"Instituto M\u00e1s Mujeres","article_modified_time":"2025-03-28T11:41:44+00:00","og_image":[{"width":480,"height":520,"url":"https:\/\/institutomasmujeres.com\/wp-content\/uploads\/2025\/03\/Tu_historia_para_Instagram_cata_de_vino_neutro___1_-removebg-preview.png","type":"image\/png"}],"twitter_card":"summary_large_image","twitter_misc":{"Temps estimat de lectura":"1 minut"},"schema":{"@context":"https:\/\/schema.org","@graph":[{"@type":"WebPage","@id":"https:\/\/institutomasmujeres.com\/estudio-mujeresdelvino\/","url":"https:\/\/institutomasmujeres.com\/estudio-mujeresdelvino\/","name":"Estudio mujeres del vino - Instituto M\u00e1s Mujeres","isPartOf":{"@id":"https:\/\/institutomasmujeres.com\/#website"},"primaryImageOfPage":{"@id":"https:\/\/institutomasmujeres.com\/estudio-mujeresdelvino\/#primaryimage"},"image":{"@id":"https:\/\/institutomasmujeres.com\/estudio-mujeresdelvino\/#primaryimage"},"thumbnailUrl":"https:\/\/institutomasmujeres.com\/wp-content\/uploads\/2025\/03\/Tu_historia_para_Instagram_cata_de_vino_neutro___1_-removebg-preview.png","datePublished":"2025-03-28T10:41:24+00:00","dateModified":"2025-03-28T11:41:44+00:00","breadcrumb":{"@id":"https:\/\/institutomasmujeres.com\/estudio-mujeresdelvino\/#breadcrumb"},"inLanguage":"ca","potentialAction":[{"@type":"ReadAction","target":["https:\/\/institutomasmujeres.com\/estudio-mujeresdelvino\/"]}]},{"@type":"ImageObject","inLanguage":"ca","@id":"https:\/\/institutomasmujeres.com\/estudio-mujeresdelvino\/#primaryimage","url":"https:\/\/institutomasmujeres.com\/wp-content\/uploads\/2025\/03\/Tu_historia_para_Instagram_cata_de_vino_neutro___1_-removebg-preview.png","contentUrl":"https:\/\/institutomasmujeres.com\/wp-content\/uploads\/2025\/03\/Tu_historia_para_Instagram_cata_de_vino_neutro___1_-removebg-preview.png","width":480,"height":520},{"@type":"BreadcrumbList","@id":"https:\/\/institutomasmujeres.com\/estudio-mujeresdelvino\/#breadcrumb","itemListElement":[{"@type":"ListItem","position":1,"name":"Portada","item":"https:\/\/institutomasmujeres.com\/"},{"@type":"ListItem","position":2,"name":"Estudio mujeres del vino"}]},{"@type":"WebSite","@id":"https:\/\/institutomasmujeres.com\/#website","url":"https:\/\/institutomasmujeres.com\/","name":"Instituto M\u00e1s Mujeres","description":"M\u00e1s l\u00edderes, m\u00e1s visibles","publisher":{"@id":"https:\/\/institutomasmujeres.com\/#organization"},"potentialAction":[{"@type":"SearchAction","target":{"@type":"EntryPoint","urlTemplate":"https:\/\/institutomasmujeres.com\/?s={search_term_string}"},"query-input":{"@type":"PropertyValueSpecification","valueRequired":true,"valueName":"search_term_string"}}],"inLanguage":"ca"},{"@type":"Organization","@id":"https:\/\/institutomasmujeres.com\/#organization","name":"Instituto M\u00e1s Mujeres","url":"https:\/\/institutomasmujeres.com\/","logo":{"@type":"ImageObject","inLanguage":"ca","@id":"https:\/\/institutomasmujeres.com\/#\/schema\/logo\/image\/","url":"https:\/\/institutomasmujeres.com\/wp-content\/uploads\/2022\/08\/mas-mujeres-amb-fletxa.svg","contentUrl":"https:\/\/institutomasmujeres.com\/wp-content\/uploads\/2022\/08\/mas-mujeres-amb-fletxa.svg","width":100,"height":100,"caption":"Instituto M\u00e1s Mujeres"},"image":{"@id":"https:\/\/institutomasmujeres.com\/#\/schema\/logo\/image\/"}}]}},"jetpack_sharing_enabled":true,"_links":{"self":[{"href":"https:\/\/institutomasmujeres.com\/ca\/wp-json\/wp\/v2\/pages\/2459","targetHints":{"allow":["GET"]}}],"collection":[{"href":"https:\/\/institutomasmujeres.com\/ca\/wp-json\/wp\/v2\/pages"}],"about":[{"href":"https:\/\/institutomasmujeres.com\/ca\/wp-json\/wp\/v2\/types\/page"}],"author":[{"embeddable":true,"href":"https:\/\/institutomasmujeres.com\/ca\/wp-json\/wp\/v2\/users\/5"}],"replies":[{"embeddable":true,"href":"https:\/\/institutomasmujeres.com\/ca\/wp-json\/wp\/v2\/comments?post=2459"}],"version-history":[{"count":18,"href":"https:\/\/institutomasmujeres.com\/ca\/wp-json\/wp\/v2\/pages\/2459\/revisions"}],"predecessor-version":[{"id":2490,"href":"https:\/\/institutomasmujeres.com\/ca\/wp-json\/wp\/v2\/pages\/2459\/revisions\/2490"}],"wp:featuredmedia":[{"embeddable":true,"href":"https:\/\/institutomasmujeres.com\/ca\/wp-json\/wp\/v2\/media\/2462"}],"wp:attachment":[{"href":"https:\/\/institutomasmujeres.com\/ca\/wp-json\/wp\/v2\/media?parent=2459"}],"curies":[{"name":"wp","href":"https:\/\/api.w.org\/{rel}","templated":true}]}}