{"id":2940,"date":"2026-03-02T13:53:45","date_gmt":"2026-03-02T13:53:45","guid":{"rendered":"https:\/\/institutomasmujeres.com\/?page_id=2940"},"modified":"2026-03-03T15:11:24","modified_gmt":"2026-03-03T15:11:24","slug":"bonarea","status":"publish","type":"page","link":"https:\/\/institutomasmujeres.com\/ca\/bonarea\/","title":{"rendered":"bonarea"},"content":{"rendered":"<div data-elementor-type=\"wp-page\" data-elementor-id=\"2940\" class=\"elementor elementor-2940\" data-elementor-post-type=\"page\">\n\t\t\t\t\t\t<section class=\"elementor-section elementor-top-section elementor-element elementor-element-c119afa elementor-section-boxed elementor-section-height-default elementor-section-height-default\" data-id=\"c119afa\" data-element_type=\"section\" data-e-type=\"section\">\n\t\t\t\t\t\t<div class=\"elementor-container elementor-column-gap-default\">\n\t\t\t\t\t<div class=\"elementor-column elementor-col-33 elementor-top-column elementor-element elementor-element-d759c2b\" data-id=\"d759c2b\" data-element_type=\"column\" data-e-type=\"column\">\n\t\t\t<div class=\"elementor-widget-wrap elementor-element-populated\">\n\t\t\t\t\t\t<div class=\"elementor-element elementor-element-6ac1eee elementor-widget elementor-widget-image\" data-id=\"6ac1eee\" data-element_type=\"widget\" data-e-type=\"widget\" data-widget_type=\"image.default\">\n\t\t\t\t<div class=\"elementor-widget-container\">\n\t\t\t\t\t\t\t\t\t\t\t\t\t\t\t<img decoding=\"async\" width=\"225\" height=\"86\" src=\"https:\/\/institutomasmujeres.com\/wp-content\/uploads\/2026\/03\/logo-bonarea-negre-e1772460472478.png\" class=\"attachment-medium size-medium wp-image-2943\" alt=\"\" srcset=\"https:\/\/institutomasmujeres.com\/wp-content\/uploads\/2026\/03\/logo-bonarea-negre-e1772460472478.png 225w, https:\/\/institutomasmujeres.com\/wp-content\/uploads\/2026\/03\/logo-bonarea-negre-e1772460472478-18x7.png 18w\" sizes=\"(max-width: 225px) 100vw, 225px\" \/>\t\t\t\t\t\t\t\t\t\t\t\t\t\t\t<\/div>\n\t\t\t\t<\/div>\n\t\t\t\t\t<\/div>\n\t\t<\/div>\n\t\t\t\t<div class=\"elementor-column elementor-col-33 elementor-top-column elementor-element elementor-element-abe5b82\" data-id=\"abe5b82\" data-element_type=\"column\" data-e-type=\"column\">\n\t\t\t<div class=\"elementor-widget-wrap elementor-element-populated\">\n\t\t\t\t\t\t<div class=\"elementor-element elementor-element-a479a6c elementor-widget elementor-widget-image\" data-id=\"a479a6c\" data-element_type=\"widget\" data-e-type=\"widget\" data-widget_type=\"image.default\">\n\t\t\t\t<div class=\"elementor-widget-container\">\n\t\t\t\t\t\t\t\t\t\t\t\t\t\t\t<img fetchpriority=\"high\" decoding=\"async\" width=\"800\" height=\"450\" src=\"https:\/\/institutomasmujeres.com\/wp-content\/uploads\/2026\/03\/2-1024x576.jpg\" class=\"attachment-large size-large wp-image-2946\" alt=\"\" srcset=\"https:\/\/institutomasmujeres.com\/wp-content\/uploads\/2026\/03\/2-1024x576.jpg 1024w, https:\/\/institutomasmujeres.com\/wp-content\/uploads\/2026\/03\/2-300x169.jpg 300w, https:\/\/institutomasmujeres.com\/wp-content\/uploads\/2026\/03\/2-768x432.jpg 768w, https:\/\/institutomasmujeres.com\/wp-content\/uploads\/2026\/03\/2-1536x864.jpg 1536w, https:\/\/institutomasmujeres.com\/wp-content\/uploads\/2026\/03\/2-18x10.jpg 18w, https:\/\/institutomasmujeres.com\/wp-content\/uploads\/2026\/03\/2.jpg 1920w\" sizes=\"(max-width: 800px) 100vw, 800px\" \/>\t\t\t\t\t\t\t\t\t\t\t\t\t\t\t<\/div>\n\t\t\t\t<\/div>\n\t\t\t\t\t<\/div>\n\t\t<\/div>\n\t\t\t\t<div class=\"elementor-column elementor-col-33 elementor-top-column elementor-element elementor-element-d9e1fb2\" data-id=\"d9e1fb2\" data-element_type=\"column\" data-e-type=\"column\">\n\t\t\t<div class=\"elementor-widget-wrap\">\n\t\t\t\t\t\t\t<\/div>\n\t\t<\/div>\n\t\t\t\t\t<\/div>\n\t\t<\/section>\n\t\t\t\t<section class=\"elementor-section elementor-top-section elementor-element elementor-element-d262af3 elementor-section-boxed elementor-section-height-default elementor-section-height-default\" data-id=\"d262af3\" data-element_type=\"section\" data-e-type=\"section\">\n\t\t\t\t\t\t<div class=\"elementor-container elementor-column-gap-default\">\n\t\t\t\t\t<div class=\"elementor-column elementor-col-100 elementor-top-column elementor-element elementor-element-6b98eb2\" data-id=\"6b98eb2\" data-element_type=\"column\" data-e-type=\"column\">\n\t\t\t<div class=\"elementor-widget-wrap elementor-element-populated\">\n\t\t\t\t\t\t<div class=\"elementor-element elementor-element-348a2d0 elementor-widget elementor-widget-text-editor\" data-id=\"348a2d0\" data-element_type=\"widget\" data-e-type=\"widget\" data-widget_type=\"text-editor.default\">\n\t\t\t\t<div class=\"elementor-widget-container\">\n\t\t\t\t\t\t\t\t\t<p style=\"text-align: center;\"><strong>Participa a la Women&#8217;s Week Game abans del 13 de mar\u00e7.<\/strong><\/p>\t\t\t\t\t\t\t\t<\/div>\n\t\t\t\t<\/div>\n\t\t\t\t\t<\/div>\n\t\t<\/div>\n\t\t\t\t\t<\/div>\n\t\t<\/section>\n\t\t\t\t<section class=\"elementor-section elementor-top-section elementor-element elementor-element-922e863 elementor-section-boxed elementor-section-height-default elementor-section-height-default\" data-id=\"922e863\" data-element_type=\"section\" data-e-type=\"section\">\n\t\t\t\t\t\t<div class=\"elementor-container elementor-column-gap-default\">\n\t\t\t\t\t<div class=\"elementor-column elementor-col-50 elementor-top-column elementor-element elementor-element-6b682a4\" data-id=\"6b682a4\" data-element_type=\"column\" data-e-type=\"column\">\n\t\t\t<div class=\"elementor-widget-wrap elementor-element-populated\">\n\t\t\t\t\t\t<div class=\"elementor-element elementor-element-4b4256d elementor-widget elementor-widget-image\" data-id=\"4b4256d\" data-element_type=\"widget\" data-e-type=\"widget\" data-widget_type=\"image.default\">\n\t\t\t\t<div class=\"elementor-widget-container\">\n\t\t\t\t\t\t\t\t\t\t\t\t\t\t\t\t<a href=\"https:\/\/form.typeform.com\/to\/Ajcb48FL\" target=\"_blank\">\n\t\t\t\t\t\t\t<img decoding=\"async\" width=\"800\" height=\"450\" src=\"https:\/\/institutomasmujeres.com\/wp-content\/uploads\/2026\/03\/3-1024x576.jpg\" class=\"attachment-large size-large wp-image-2944\" alt=\"\" srcset=\"https:\/\/institutomasmujeres.com\/wp-content\/uploads\/2026\/03\/3-1024x576.jpg 1024w, https:\/\/institutomasmujeres.com\/wp-content\/uploads\/2026\/03\/3-300x169.jpg 300w, https:\/\/institutomasmujeres.com\/wp-content\/uploads\/2026\/03\/3-768x432.jpg 768w, https:\/\/institutomasmujeres.com\/wp-content\/uploads\/2026\/03\/3-1536x864.jpg 1536w, https:\/\/institutomasmujeres.com\/wp-content\/uploads\/2026\/03\/3-18x10.jpg 18w, https:\/\/institutomasmujeres.com\/wp-content\/uploads\/2026\/03\/3.jpg 1920w\" sizes=\"(max-width: 800px) 100vw, 800px\" \/>\t\t\t\t\t\t\t\t<\/a>\n\t\t\t\t\t\t\t\t\t\t\t\t\t\t\t<\/div>\n\t\t\t\t<\/div>\n\t\t\t\t\t<\/div>\n\t\t<\/div>\n\t\t\t\t<div class=\"elementor-column elementor-col-25 elementor-top-column elementor-element elementor-element-e393f53\" data-id=\"e393f53\" data-element_type=\"column\" data-e-type=\"column\">\n\t\t\t<div class=\"elementor-widget-wrap elementor-element-populated\">\n\t\t\t\t\t\t<div class=\"elementor-element elementor-element-8471f95 elementor-widget elementor-widget-image\" data-id=\"8471f95\" data-element_type=\"widget\" data-e-type=\"widget\" data-widget_type=\"image.default\">\n\t\t\t\t<div class=\"elementor-widget-container\">\n\t\t\t\t\t\t\t\t\t\t\t\t\t\t\t\t<a href=\"https:\/\/form.typeform.com\/to\/XWPJT9Jq\" target=\"_blank\">\n\t\t\t\t\t\t\t<img loading=\"lazy\" decoding=\"async\" width=\"800\" height=\"450\" src=\"https:\/\/institutomasmujeres.com\/wp-content\/uploads\/2026\/03\/Bon-area-Fondo-de-juego-womens-day-game-1-1024x576.jpg\" class=\"attachment-large size-large wp-image-2962\" alt=\"\" srcset=\"https:\/\/institutomasmujeres.com\/wp-content\/uploads\/2026\/03\/Bon-area-Fondo-de-juego-womens-day-game-1-1024x576.jpg 1024w, https:\/\/institutomasmujeres.com\/wp-content\/uploads\/2026\/03\/Bon-area-Fondo-de-juego-womens-day-game-1-300x169.jpg 300w, https:\/\/institutomasmujeres.com\/wp-content\/uploads\/2026\/03\/Bon-area-Fondo-de-juego-womens-day-game-1-768x432.jpg 768w, https:\/\/institutomasmujeres.com\/wp-content\/uploads\/2026\/03\/Bon-area-Fondo-de-juego-womens-day-game-1-1536x864.jpg 1536w, https:\/\/institutomasmujeres.com\/wp-content\/uploads\/2026\/03\/Bon-area-Fondo-de-juego-womens-day-game-1-18x10.jpg 18w, https:\/\/institutomasmujeres.com\/wp-content\/uploads\/2026\/03\/Bon-area-Fondo-de-juego-womens-day-game-1.jpg 1920w\" sizes=\"(max-width: 800px) 100vw, 800px\" \/>\t\t\t\t\t\t\t\t<\/a>\n\t\t\t\t\t\t\t\t\t\t\t\t\t\t\t<\/div>\n\t\t\t\t<\/div>\n\t\t\t\t\t<\/div>\n\t\t<\/div>\n\t\t\t\t<div class=\"elementor-column elementor-col-25 elementor-top-column elementor-element elementor-element-da457cf\" data-id=\"da457cf\" data-element_type=\"column\" data-e-type=\"column\">\n\t\t\t<div class=\"elementor-widget-wrap elementor-element-populated\">\n\t\t\t\t\t\t<div class=\"elementor-element elementor-element-a081b2b elementor-widget elementor-widget-image\" data-id=\"a081b2b\" data-element_type=\"widget\" data-e-type=\"widget\" data-widget_type=\"image.default\">\n\t\t\t\t<div class=\"elementor-widget-container\">\n\t\t\t\t\t\t\t\t\t\t\t\t\t\t\t\t<a href=\"https:\/\/form.typeform.com\/to\/bi0DcH1a\" target=\"_blank\">\n\t\t\t\t\t\t\t<img loading=\"lazy\" decoding=\"async\" width=\"800\" height=\"450\" src=\"https:\/\/institutomasmujeres.com\/wp-content\/uploads\/2026\/03\/5-1024x576.jpg\" class=\"attachment-large size-large wp-image-2948\" alt=\"\" srcset=\"https:\/\/institutomasmujeres.com\/wp-content\/uploads\/2026\/03\/5-1024x576.jpg 1024w, https:\/\/institutomasmujeres.com\/wp-content\/uploads\/2026\/03\/5-300x169.jpg 300w, https:\/\/institutomasmujeres.com\/wp-content\/uploads\/2026\/03\/5-768x432.jpg 768w, https:\/\/institutomasmujeres.com\/wp-content\/uploads\/2026\/03\/5-1536x864.jpg 1536w, https:\/\/institutomasmujeres.com\/wp-content\/uploads\/2026\/03\/5-18x10.jpg 18w, https:\/\/institutomasmujeres.com\/wp-content\/uploads\/2026\/03\/5.jpg 1920w\" sizes=\"(max-width: 800px) 100vw, 800px\" \/>\t\t\t\t\t\t\t\t<\/a>\n\t\t\t\t\t\t\t\t\t\t\t\t\t\t\t<\/div>\n\t\t\t\t<\/div>\n\t\t\t\t\t<\/div>\n\t\t<\/div>\n\t\t\t\t\t<\/div>\n\t\t<\/section>\n\t\t\t\t<section class=\"elementor-section elementor-top-section elementor-element elementor-element-34364a3 elementor-section-boxed elementor-section-height-default elementor-section-height-default\" data-id=\"34364a3\" data-element_type=\"section\" data-e-type=\"section\">\n\t\t\t\t\t\t<div class=\"elementor-container elementor-column-gap-default\">\n\t\t\t\t\t<div class=\"elementor-column elementor-col-50 elementor-top-column elementor-element elementor-element-465a3c4\" data-id=\"465a3c4\" data-element_type=\"column\" data-e-type=\"column\">\n\t\t\t<div class=\"elementor-widget-wrap\">\n\t\t\t\t\t\t\t<\/div>\n\t\t<\/div>\n\t\t\t\t<div class=\"elementor-column elementor-col-25 elementor-top-column elementor-element elementor-element-235bb97\" data-id=\"235bb97\" data-element_type=\"column\" data-e-type=\"column\">\n\t\t\t<div class=\"elementor-widget-wrap elementor-element-populated\">\n\t\t\t\t\t\t<div class=\"elementor-element elementor-element-fff58aa elementor-widget__width-initial elementor-widget elementor-widget-image\" data-id=\"fff58aa\" data-element_type=\"widget\" data-e-type=\"widget\" data-widget_type=\"image.default\">\n\t\t\t\t<div class=\"elementor-widget-container\">\n\t\t\t\t\t\t\t\t\t\t\t\t\t\t\t<img loading=\"lazy\" decoding=\"async\" width=\"100\" height=\"100\" src=\"https:\/\/institutomasmujeres.com\/wp-content\/uploads\/2022\/08\/mas-mujeres-amb-fletxa.svg\" class=\"attachment-thumbnail size-thumbnail wp-image-7\" alt=\"\" \/>\t\t\t\t\t\t\t\t\t\t\t\t\t\t\t<\/div>\n\t\t\t\t<\/div>\n\t\t\t\t\t<\/div>\n\t\t<\/div>\n\t\t\t\t<div class=\"elementor-column elementor-col-25 elementor-top-column elementor-element elementor-element-4a4d949\" data-id=\"4a4d949\" data-element_type=\"column\" data-e-type=\"column\">\n\t\t\t<div class=\"elementor-widget-wrap\">\n\t\t\t\t\t\t\t<\/div>\n\t\t<\/div>\n\t\t\t\t\t<\/div>\n\t\t<\/section>\n\t\t\t\t<\/div>","protected":false},"excerpt":{"rendered":"<p>Participa a la Women&#8217;s Week Game abans del 13 de mar\u00e7.<\/p>","protected":false},"author":1,"featured_media":0,"parent":0,"menu_order":0,"comment_status":"closed","ping_status":"closed","template":"elementor_canvas","meta":{"_jet_sm_ready_style":"","_jet_sm_style":"","_jet_sm_controls_values":"","_jet_sm_fonts_collection":"","_jet_sm_fonts_links":"","footnotes":""},"class_list":["post-2940","page","type-page","status-publish","hentry"],"yoast_head":"<!-- This site is optimized with the Yoast SEO plugin v27.3 - https:\/\/yoast.com\/product\/yoast-seo-wordpress\/ -->\n<title>bonarea - Instituto M\u00e1s Mujeres<\/title>\n<meta name=\"robots\" content=\"index, follow, max-snippet:-1, max-image-preview:large, max-video-preview:-1\" \/>\n<link rel=\"canonical\" href=\"https:\/\/institutomasmujeres.com\/ca\/bonarea\/\" \/>\n<meta property=\"og:locale\" content=\"ca_ES\" \/>\n<meta property=\"og:type\" content=\"article\" \/>\n<meta property=\"og:title\" content=\"bonarea - Instituto M\u00e1s Mujeres\" \/>\n<meta property=\"og:description\" content=\"Participa a la Women&#8217;s Week Game abans del 13 de mar\u00e7.\" \/>\n<meta property=\"og:url\" content=\"https:\/\/institutomasmujeres.com\/ca\/bonarea\/\" \/>\n<meta property=\"og:site_name\" content=\"Instituto M\u00e1s Mujeres\" \/>\n<meta property=\"article:modified_time\" content=\"2026-03-03T15:11:24+00:00\" \/>\n<meta property=\"og:image\" content=\"https:\/\/institutomasmujeres.com\/wp-content\/uploads\/2026\/03\/logo-bonarea-negre-e1772460472478.png\" \/>\n\t<meta property=\"og:image:width\" content=\"225\" \/>\n\t<meta property=\"og:image:height\" content=\"86\" \/>\n\t<meta property=\"og:image:type\" content=\"image\/png\" \/>\n<meta name=\"twitter:card\" content=\"summary_large_image\" \/>\n<meta name=\"twitter:label1\" content=\"Temps estimat de lectura\" \/>\n\t<meta name=\"twitter:data1\" content=\"2 minuts\" \/>\n<script type=\"application\/ld+json\" class=\"yoast-schema-graph\">{\"@context\":\"https:\\\/\\\/schema.org\",\"@graph\":[{\"@type\":\"WebPage\",\"@id\":\"https:\\\/\\\/institutomasmujeres.com\\\/bonarea\\\/\",\"url\":\"https:\\\/\\\/institutomasmujeres.com\\\/bonarea\\\/\",\"name\":\"bonarea - Instituto M\u00e1s Mujeres\",\"isPartOf\":{\"@id\":\"https:\\\/\\\/institutomasmujeres.com\\\/#website\"},\"primaryImageOfPage\":{\"@id\":\"https:\\\/\\\/institutomasmujeres.com\\\/bonarea\\\/#primaryimage\"},\"image\":{\"@id\":\"https:\\\/\\\/institutomasmujeres.com\\\/bonarea\\\/#primaryimage\"},\"thumbnailUrl\":\"https:\\\/\\\/institutomasmujeres.com\\\/wp-content\\\/uploads\\\/2026\\\/03\\\/logo-bonarea-negre-e1772460472478.png\",\"datePublished\":\"2026-03-02T13:53:45+00:00\",\"dateModified\":\"2026-03-03T15:11:24+00:00\",\"breadcrumb\":{\"@id\":\"https:\\\/\\\/institutomasmujeres.com\\\/bonarea\\\/#breadcrumb\"},\"inLanguage\":\"ca\",\"potentialAction\":[{\"@type\":\"ReadAction\",\"target\":[\"https:\\\/\\\/institutomasmujeres.com\\\/bonarea\\\/\"]}]},{\"@type\":\"ImageObject\",\"inLanguage\":\"ca\",\"@id\":\"https:\\\/\\\/institutomasmujeres.com\\\/bonarea\\\/#primaryimage\",\"url\":\"https:\\\/\\\/institutomasmujeres.com\\\/wp-content\\\/uploads\\\/2026\\\/03\\\/logo-bonarea-negre-e1772460472478.png\",\"contentUrl\":\"https:\\\/\\\/institutomasmujeres.com\\\/wp-content\\\/uploads\\\/2026\\\/03\\\/logo-bonarea-negre-e1772460472478.png\"},{\"@type\":\"BreadcrumbList\",\"@id\":\"https:\\\/\\\/institutomasmujeres.com\\\/bonarea\\\/#breadcrumb\",\"itemListElement\":[{\"@type\":\"ListItem\",\"position\":1,\"name\":\"Portada\",\"item\":\"https:\\\/\\\/institutomasmujeres.com\\\/\"},{\"@type\":\"ListItem\",\"position\":2,\"name\":\"bonarea\"}]},{\"@type\":\"WebSite\",\"@id\":\"https:\\\/\\\/institutomasmujeres.com\\\/#website\",\"url\":\"https:\\\/\\\/institutomasmujeres.com\\\/\",\"name\":\"Instituto M\u00e1s Mujeres\",\"description\":\"M\u00e1s l\u00edderes, m\u00e1s visibles\",\"publisher\":{\"@id\":\"https:\\\/\\\/institutomasmujeres.com\\\/#organization\"},\"potentialAction\":[{\"@type\":\"SearchAction\",\"target\":{\"@type\":\"EntryPoint\",\"urlTemplate\":\"https:\\\/\\\/institutomasmujeres.com\\\/?s={search_term_string}\"},\"query-input\":{\"@type\":\"PropertyValueSpecification\",\"valueRequired\":true,\"valueName\":\"search_term_string\"}}],\"inLanguage\":\"ca\"},{\"@type\":\"Organization\",\"@id\":\"https:\\\/\\\/institutomasmujeres.com\\\/#organization\",\"name\":\"Instituto M\u00e1s Mujeres\",\"url\":\"https:\\\/\\\/institutomasmujeres.com\\\/\",\"logo\":{\"@type\":\"ImageObject\",\"inLanguage\":\"ca\",\"@id\":\"https:\\\/\\\/institutomasmujeres.com\\\/#\\\/schema\\\/logo\\\/image\\\/\",\"url\":\"https:\\\/\\\/institutomasmujeres.com\\\/wp-content\\\/uploads\\\/2022\\\/08\\\/mas-mujeres-amb-fletxa.svg\",\"contentUrl\":\"https:\\\/\\\/institutomasmujeres.com\\\/wp-content\\\/uploads\\\/2022\\\/08\\\/mas-mujeres-amb-fletxa.svg\",\"width\":100,\"height\":100,\"caption\":\"Instituto M\u00e1s Mujeres\"},\"image\":{\"@id\":\"https:\\\/\\\/institutomasmujeres.com\\\/#\\\/schema\\\/logo\\\/image\\\/\"}}]}<\/script>\n<!-- \/ Yoast SEO plugin. -->","yoast_head_json":{"title":"bonarea - Instituto M\u00e1s Mujeres","robots":{"index":"index","follow":"follow","max-snippet":"max-snippet:-1","max-image-preview":"max-image-preview:large","max-video-preview":"max-video-preview:-1"},"canonical":"https:\/\/institutomasmujeres.com\/ca\/bonarea\/","og_locale":"ca_ES","og_type":"article","og_title":"bonarea - Instituto M\u00e1s Mujeres","og_description":"Participa a la Women&#8217;s Week Game abans del 13 de mar\u00e7.","og_url":"https:\/\/institutomasmujeres.com\/ca\/bonarea\/","og_site_name":"Instituto M\u00e1s Mujeres","article_modified_time":"2026-03-03T15:11:24+00:00","og_image":[{"width":225,"height":86,"url":"https:\/\/institutomasmujeres.com\/wp-content\/uploads\/2026\/03\/logo-bonarea-negre-e1772460472478.png","type":"image\/png"}],"twitter_card":"summary_large_image","twitter_misc":{"Temps estimat de lectura":"2 minuts"},"schema":{"@context":"https:\/\/schema.org","@graph":[{"@type":"WebPage","@id":"https:\/\/institutomasmujeres.com\/bonarea\/","url":"https:\/\/institutomasmujeres.com\/bonarea\/","name":"bonarea - Instituto M\u00e1s Mujeres","isPartOf":{"@id":"https:\/\/institutomasmujeres.com\/#website"},"primaryImageOfPage":{"@id":"https:\/\/institutomasmujeres.com\/bonarea\/#primaryimage"},"image":{"@id":"https:\/\/institutomasmujeres.com\/bonarea\/#primaryimage"},"thumbnailUrl":"https:\/\/institutomasmujeres.com\/wp-content\/uploads\/2026\/03\/logo-bonarea-negre-e1772460472478.png","datePublished":"2026-03-02T13:53:45+00:00","dateModified":"2026-03-03T15:11:24+00:00","breadcrumb":{"@id":"https:\/\/institutomasmujeres.com\/bonarea\/#breadcrumb"},"inLanguage":"ca","potentialAction":[{"@type":"ReadAction","target":["https:\/\/institutomasmujeres.com\/bonarea\/"]}]},{"@type":"ImageObject","inLanguage":"ca","@id":"https:\/\/institutomasmujeres.com\/bonarea\/#primaryimage","url":"https:\/\/institutomasmujeres.com\/wp-content\/uploads\/2026\/03\/logo-bonarea-negre-e1772460472478.png","contentUrl":"https:\/\/institutomasmujeres.com\/wp-content\/uploads\/2026\/03\/logo-bonarea-negre-e1772460472478.png"},{"@type":"BreadcrumbList","@id":"https:\/\/institutomasmujeres.com\/bonarea\/#breadcrumb","itemListElement":[{"@type":"ListItem","position":1,"name":"Portada","item":"https:\/\/institutomasmujeres.com\/"},{"@type":"ListItem","position":2,"name":"bonarea"}]},{"@type":"WebSite","@id":"https:\/\/institutomasmujeres.com\/#website","url":"https:\/\/institutomasmujeres.com\/","name":"Instituto M\u00e1s Mujeres","description":"M\u00e1s l\u00edderes, m\u00e1s visibles","publisher":{"@id":"https:\/\/institutomasmujeres.com\/#organization"},"potentialAction":[{"@type":"SearchAction","target":{"@type":"EntryPoint","urlTemplate":"https:\/\/institutomasmujeres.com\/?s={search_term_string}"},"query-input":{"@type":"PropertyValueSpecification","valueRequired":true,"valueName":"search_term_string"}}],"inLanguage":"ca"},{"@type":"Organization","@id":"https:\/\/institutomasmujeres.com\/#organization","name":"Instituto M\u00e1s Mujeres","url":"https:\/\/institutomasmujeres.com\/","logo":{"@type":"ImageObject","inLanguage":"ca","@id":"https:\/\/institutomasmujeres.com\/#\/schema\/logo\/image\/","url":"https:\/\/institutomasmujeres.com\/wp-content\/uploads\/2022\/08\/mas-mujeres-amb-fletxa.svg","contentUrl":"https:\/\/institutomasmujeres.com\/wp-content\/uploads\/2022\/08\/mas-mujeres-amb-fletxa.svg","width":100,"height":100,"caption":"Instituto M\u00e1s Mujeres"},"image":{"@id":"https:\/\/institutomasmujeres.com\/#\/schema\/logo\/image\/"}}]}},"jetpack_sharing_enabled":true,"_links":{"self":[{"href":"https:\/\/institutomasmujeres.com\/ca\/wp-json\/wp\/v2\/pages\/2940","targetHints":{"allow":["GET"]}}],"collection":[{"href":"https:\/\/institutomasmujeres.com\/ca\/wp-json\/wp\/v2\/pages"}],"about":[{"href":"https:\/\/institutomasmujeres.com\/ca\/wp-json\/wp\/v2\/types\/page"}],"author":[{"embeddable":true,"href":"https:\/\/institutomasmujeres.com\/ca\/wp-json\/wp\/v2\/users\/1"}],"replies":[{"embeddable":true,"href":"https:\/\/institutomasmujeres.com\/ca\/wp-json\/wp\/v2\/comments?post=2940"}],"version-history":[{"count":16,"href":"https:\/\/institutomasmujeres.com\/ca\/wp-json\/wp\/v2\/pages\/2940\/revisions"}],"predecessor-version":[{"id":2966,"href":"https:\/\/institutomasmujeres.com\/ca\/wp-json\/wp\/v2\/pages\/2940\/revisions\/2966"}],"wp:attachment":[{"href":"https:\/\/institutomasmujeres.com\/ca\/wp-json\/wp\/v2\/media?parent=2940"}],"curies":[{"name":"wp","href":"https:\/\/api.w.org\/{rel}","templated":true}]}}